{"id":1575,"date":"2024-09-25T10:42:44","date_gmt":"2024-09-25T10:42:44","guid":{"rendered":"https:\/\/globalaidmissions.com\/?page_id=1575"},"modified":"2024-09-25T10:46:30","modified_gmt":"2024-09-25T10:46:30","slug":"vida-estudantil-no-cen-matola","status":"publish","type":"page","link":"https:\/\/globalaidmissions.com\/index.php\/vida-estudantil-no-cen-matola\/","title":{"rendered":"Vida Estudantil no CEN Matola"},"content":{"rendered":"\t\t<div data-elementor-type=\"wp-page\" data-elementor-id=\"1575\" class=\"elementor elementor-1575\">\n\t\t\t\t\t\t<section class=\"elementor-section elementor-top-section elementor-element elementor-element-acec17e elementor-section-full_width elementor-section-height-default elementor-section-height-default wpr-particle-no wpr-jarallax-no wpr-parallax-no wpr-sticky-section-no wpr-equal-height-no\" data-id=\"acec17e\" data-element_type=\"section\" data-e-type=\"section\">\n\t\t\t\t\t\t<div class=\"elementor-container elementor-column-gap-no\">\n\t\t\t\t\t<div class=\"elementor-column elementor-col-50 elementor-top-column elementor-element elementor-element-a0e77fd\" data-id=\"a0e77fd\" data-element_type=\"column\" data-e-type=\"column\" data-settings=\"{&quot;background_background&quot;:&quot;classic&quot;}\">\n\t\t\t<div class=\"elementor-widget-wrap elementor-element-populated\">\n\t\t\t\t\t<div class=\"elementor-background-overlay\"><\/div>\n\t\t\t\t\t\t<section class=\"elementor-section elementor-inner-section elementor-element elementor-element-7b1414e elementor-section-boxed elementor-section-height-default elementor-section-height-default wpr-particle-no wpr-jarallax-no wpr-parallax-no wpr-sticky-section-no wpr-equal-height-no\" data-id=\"7b1414e\" data-element_type=\"section\" data-e-type=\"section\">\n\t\t\t\t\t\t<div class=\"elementor-container elementor-column-gap-no\">\n\t\t\t\t\t<div class=\"elementor-column elementor-col-100 elementor-inner-column elementor-element elementor-element-16af899\" data-id=\"16af899\" data-element_type=\"column\" data-e-type=\"column\" data-settings=\"{&quot;background_background&quot;:&quot;classic&quot;}\">\n\t\t\t<div class=\"elementor-widget-wrap elementor-element-populated\">\n\t\t\t\t\t\t<div class=\"elementor-element elementor-element-6552841 e-transform elementor-widget elementor-widget-heading\" data-id=\"6552841\" data-element_type=\"widget\" data-e-type=\"widget\" data-settings=\"{&quot;_transform_translateX_effect_hover&quot;:{&quot;unit&quot;:&quot;px&quot;,&quot;size&quot;:5,&quot;sizes&quot;:[]},&quot;_transform_translateY_effect_hover&quot;:{&quot;unit&quot;:&quot;px&quot;,&quot;size&quot;:-20,&quot;sizes&quot;:[]},&quot;_transform_translateX_effect_hover_tablet&quot;:{&quot;unit&quot;:&quot;px&quot;,&quot;size&quot;:&quot;&quot;,&quot;sizes&quot;:[]},&quot;_transform_translateX_effect_hover_mobile&quot;:{&quot;unit&quot;:&quot;px&quot;,&quot;size&quot;:&quot;&quot;,&quot;sizes&quot;:[]},&quot;_transform_translateY_effect_hover_tablet&quot;:{&quot;unit&quot;:&quot;px&quot;,&quot;size&quot;:&quot;&quot;,&quot;sizes&quot;:[]},&quot;_transform_translateY_effect_hover_mobile&quot;:{&quot;unit&quot;:&quot;px&quot;,&quot;size&quot;:&quot;&quot;,&quot;sizes&quot;:[]}}\" data-widget_type=\"heading.default\">\n\t\t\t\t<div class=\"elementor-widget-container\">\n\t\t\t\t\t<h2 class=\"elementor-heading-title elementor-size-default\">Vida Estudantil no CEN Matola<\/h2>\t\t\t\t<\/div>\n\t\t\t\t<\/div>\n\t\t\t\t<div class=\"elementor-element elementor-element-ee55df3 e-transform elementor-widget elementor-widget-text-editor\" data-id=\"ee55df3\" data-element_type=\"widget\" data-e-type=\"widget\" data-settings=\"{&quot;_transform_translateX_effect_hover&quot;:{&quot;unit&quot;:&quot;px&quot;,&quot;size&quot;:-40,&quot;sizes&quot;:[]},&quot;_transform_translateY_effect_hover&quot;:{&quot;unit&quot;:&quot;px&quot;,&quot;size&quot;:-10,&quot;sizes&quot;:[]},&quot;_transform_translateX_effect_hover_tablet&quot;:{&quot;unit&quot;:&quot;px&quot;,&quot;size&quot;:&quot;&quot;,&quot;sizes&quot;:[]},&quot;_transform_translateX_effect_hover_mobile&quot;:{&quot;unit&quot;:&quot;px&quot;,&quot;size&quot;:&quot;&quot;,&quot;sizes&quot;:[]},&quot;_transform_translateY_effect_hover_tablet&quot;:{&quot;unit&quot;:&quot;px&quot;,&quot;size&quot;:&quot;&quot;,&quot;sizes&quot;:[]},&quot;_transform_translateY_effect_hover_mobile&quot;:{&quot;unit&quot;:&quot;px&quot;,&quot;size&quot;:&quot;&quot;,&quot;sizes&quot;:[]}}\" data-widget_type=\"text-editor.default\">\n\t\t\t\t<div class=\"elementor-widget-container\">\n\t\t\t\t\t\t\t\t\t<p>No CEN Matola, priorizamos a cria\u00e7\u00e3o de um ambiente amig\u00e1vel, seguro e de apoio, prop\u00edcio a experi\u00eancias de aprendizagem transformadoras. O nosso compromisso com a vida estudantil vai al\u00e9m do aspeto acad\u00e9mico, garantindo que cada aluno se sinta valorizado e capacitado ao longo da sua jornada connosco.<\/p>\t\t\t\t\t\t\t\t<\/div>\n\t\t\t\t<\/div>\n\t\t\t\t\t<\/div>\n\t\t<\/div>\n\t\t\t\t\t<\/div>\n\t\t<\/section>\n\t\t\t\t\t<\/div>\n\t\t<\/div>\n\t\t\t\t<div class=\"elementor-column elementor-col-50 elementor-top-column elementor-element elementor-element-7248d11 elementor-invisible\" data-id=\"7248d11\" data-element_type=\"column\" data-e-type=\"column\" data-settings=\"{&quot;background_background&quot;:&quot;classic&quot;,&quot;animation&quot;:&quot;tada&quot;}\">\n\t\t\t<div class=\"elementor-widget-wrap elementor-element-populated\">\n\t\t\t\t\t<div class=\"elementor-background-overlay\"><\/div>\n\t\t\t\t\t\t<div class=\"elementor-element elementor-element-9180a1e e-transform elementor-widget elementor-widget-image\" data-id=\"9180a1e\" data-element_type=\"widget\" data-e-type=\"widget\" data-settings=\"{&quot;_transform_translateX_effect_hover&quot;:{&quot;unit&quot;:&quot;px&quot;,&quot;size&quot;:10,&quot;sizes&quot;:[]},&quot;_transform_translateY_effect_hover&quot;:{&quot;unit&quot;:&quot;px&quot;,&quot;size&quot;:-10,&quot;sizes&quot;:[]},&quot;_transform_translateX_effect_hover_tablet&quot;:{&quot;unit&quot;:&quot;px&quot;,&quot;size&quot;:&quot;&quot;,&quot;sizes&quot;:[]},&quot;_transform_translateX_effect_hover_mobile&quot;:{&quot;unit&quot;:&quot;px&quot;,&quot;size&quot;:&quot;&quot;,&quot;sizes&quot;:[]},&quot;_transform_translateY_effect_hover_tablet&quot;:{&quot;unit&quot;:&quot;px&quot;,&quot;size&quot;:&quot;&quot;,&quot;sizes&quot;:[]},&quot;_transform_translateY_effect_hover_mobile&quot;:{&quot;unit&quot;:&quot;px&quot;,&quot;size&quot;:&quot;&quot;,&quot;sizes&quot;:[]}}\" data-widget_type=\"image.default\">\n\t\t\t\t<div class=\"elementor-widget-container\">\n\t\t\t\t\t\t\t\t\t\t\t\t\t\t\t<img decoding=\"async\" src=\"https:\/\/globalaidmissions.com\/wp-content\/uploads\/2024\/09\/IMG_0346.jpg\" title=\"\" alt=\"\" loading=\"lazy\" \/>\t\t\t\t\t\t\t\t\t\t\t\t\t\t\t<\/div>\n\t\t\t\t<\/div>\n\t\t\t\t\t<\/div>\n\t\t<\/div>\n\t\t\t\t\t<\/div>\n\t\t<\/section>\n\t\t<div class=\"elementor-element elementor-element-bfcbcab e-flex e-con-boxed wpr-particle-no wpr-jarallax-no wpr-parallax-no wpr-sticky-section-no wpr-equal-height-no e-con e-parent\" data-id=\"bfcbcab\" data-element_type=\"container\" data-e-type=\"container\">\n\t\t\t\t\t<div class=\"e-con-inner\">\n\t\t<div class=\"elementor-element elementor-element-c8bd63a e-con-full e-flex wpr-particle-no wpr-jarallax-no wpr-parallax-no wpr-sticky-section-no wpr-equal-height-no e-con e-child\" data-id=\"c8bd63a\" data-element_type=\"container\" data-e-type=\"container\">\n\t\t\t\t<\/div>\n\t\t<div class=\"elementor-element elementor-element-cb4f700 e-con-full e-flex wpr-particle-no wpr-jarallax-no wpr-parallax-no wpr-sticky-section-no wpr-equal-height-no e-con e-child\" data-id=\"cb4f700\" data-element_type=\"container\" data-e-type=\"container\">\n\t\t\t\t<div class=\"elementor-element elementor-element-61affb5 elementor-widget elementor-widget-text-editor\" data-id=\"61affb5\" data-element_type=\"widget\" data-e-type=\"widget\" data-widget_type=\"text-editor.default\">\n\t\t\t\t<div class=\"elementor-widget-container\">\n\t\t\t\t\t\t\t\t\t<p><strong><u>Instala\u00e7\u00f5es e Recursos<\/u><\/strong><\/p><p>Os alunos do CEN Matola t\u00eam acesso a instala\u00e7\u00f5es e recursos modernos que melhoram as suas atividades de aprendizagem e lazer. Desde salas de aula bem equipadas a \u00e1reas de estudo dedicadas e espa\u00e7os de recrea\u00e7\u00e3o, proporcionamos um ambiente que promove o desenvolvimento hol\u00edstico.<\/p><p><b><u>Atividades Extracurriculares<\/u><\/b><\/p><p>Acreditamos na import\u00e2ncia das atividades extracurriculares na forma\u00e7\u00e3o de indiv\u00edduos completos. Os nossos alunos participam ativamente em diversos clubes, equipas desportivas e eventos culturais, permitindo-lhes explorar os seus interesses, construir amizades e desenvolver compet\u00eancias de lideran\u00e7a.<\/p><p><span style=\"text-decoration: underline;\"><strong>Comunidade de Apoio<\/strong><\/span><\/p><p>A nossa comunidade no CEN Matola \u00e9 constru\u00edda com base na inclus\u00e3o e no respeito m\u00fatuo. Encorajamos a comunica\u00e7\u00e3o aberta e a colabora\u00e7\u00e3o entre alunos, professores e pais, criando uma rede de apoio que nutre o crescimento pessoal e o sucesso acad\u00e9mico.<\/p><p><span style=\"text-decoration: underline;\"><strong>Seguran\u00e7a e Bem-Estar<\/strong><\/span><\/p><p>A seguran\u00e7a e o bem-estar dos nossos alunos s\u00e3o primordiais. Mantemos elevados padr\u00f5es de protocolos de seguran\u00e7a e fornecemos servi\u00e7os de apoio abrangentes para garantir um ambiente seguro e acolhedor para todos.<\/p><p>No CEN Matola, a vida estudantil n\u00e3o se resume apenas \u00e0 educa\u00e7\u00e3o \u2013 trata-se de capacitar os alunos a prosperar academicamente, socialmente e pessoalmente. Junte-se a n\u00f3s e experimente uma comunidade vibrante onde os alunos s\u00e3o incentivados a alcan\u00e7ar todo o seu potencial.<\/p>\t\t\t\t\t\t\t\t<\/div>\n\t\t\t\t<\/div>\n\t\t\t\t<\/div>\n\t\t\t\t\t<\/div>\n\t\t\t\t<\/div>\n\t\t\t\t<\/div>\n\t\t","protected":false},"excerpt":{"rendered":"<p>Vida Estudantil no CEN Matola No CEN Matola, priorizamos a cria\u00e7\u00e3o de um ambiente amig\u00e1vel, seguro e de apoio, prop\u00edcio a experi\u00eancias de aprendizagem transformadoras. O nosso compromisso com a vida estudantil vai al\u00e9m do aspeto acad\u00e9mico, garantindo que cada aluno se sinta valorizado e capacitado ao longo da sua jornada connosco. Instala\u00e7\u00f5es e Recursos Os alunos do CEN Matola t\u00eam acesso a instala\u00e7\u00f5es e recursos modernos que melhoram as suas atividades de aprendizagem e lazer. Desde salas de aula bem equipadas a \u00e1reas de estudo dedicadas e espa\u00e7os de recrea\u00e7\u00e3o, proporcionamos um ambiente que promove o desenvolvimento hol\u00edstico. Atividades Extracurriculares Acreditamos na import\u00e2ncia das atividades extracurriculares na forma\u00e7\u00e3o de indiv\u00edduos completos. Os nossos alunos participam ativamente em diversos clubes, equipas desportivas e eventos culturais, permitindo-lhes explorar os seus interesses, construir amizades e desenvolver compet\u00eancias de lideran\u00e7a. Comunidade de Apoio A nossa comunidade no CEN Matola \u00e9 constru\u00edda com base na inclus\u00e3o e no respeito m\u00fatuo. Encorajamos a comunica\u00e7\u00e3o aberta e a colabora\u00e7\u00e3o entre alunos, professores e pais, criando uma rede de apoio que nutre o crescimento pessoal e o sucesso acad\u00e9mico. Seguran\u00e7a e Bem-Estar A seguran\u00e7a e o bem-estar dos nossos alunos s\u00e3o primordiais. Mantemos elevados padr\u00f5es de protocolos de seguran\u00e7a e fornecemos servi\u00e7os de apoio abrangentes para garantir um ambiente seguro e acolhedor para todos. No CEN Matola, a vida estudantil n\u00e3o se resume apenas \u00e0 educa\u00e7\u00e3o \u2013 trata-se de capacitar os alunos a prosperar academicamente, socialmente e pessoalmente. Junte-se a n\u00f3s e experimente uma comunidade vibrante onde os alunos s\u00e3o incentivados a alcan\u00e7ar todo o seu potencial.<\/p>\n","protected":false},"author":1,"featured_media":0,"parent":0,"menu_order":0,"comment_status":"closed","ping_status":"closed","template":"","meta":{"site-sidebar-layout":"no-sidebar","site-content-layout":"page-builder","ast-site-content-layout":"full-width-container","site-content-style":"default","site-sidebar-style":"default","ast-global-header-display":"","ast-banner-title-visibility":"","ast-main-header-display":"","ast-hfb-above-header-display":"","ast-hfb-below-header-display":"","ast-hfb-mobile-header-display":"","site-post-title":"disabled","ast-breadcrumbs-content":"","ast-featured-img":"disabled","footer-sml-layout":"","ast-disable-related-posts":"","theme-transparent-header-meta":"","adv-header-id-meta":"","stick-header-meta":"","header-above-stick-meta":"","header-main-stick-meta":"","header-below-stick-meta":"","astra-migrate-meta-layouts":"set","ast-page-background-enabled":"default","ast-page-background-meta":{"desktop":{"background-color":"var(--ast-global-color-4)","background-image":"","background-repeat":"repeat","background-position":"center center","background-size":"auto","background-attachment":"scroll","background-type":"","background-media":"","overlay-type":"","overlay-color":"","overlay-opacity":"","overlay-gradient":""},"tablet":{"background-color":"","background-image":"","background-repeat":"repeat","background-position":"center center","background-size":"auto","background-attachment":"scroll","background-type":"","background-media":"","overlay-type":"","overlay-color":"","overlay-opacity":"","overlay-gradient":""},"mobile":{"background-color":"","background-image":"","background-repeat":"repeat","background-position":"center center","background-size":"auto","background-attachment":"scroll","background-type":"","background-media":"","overlay-type":"","overlay-color":"","overlay-opacity":"","overlay-gradient":""}},"ast-content-background-meta":{"desktop":{"background-color":"var(--ast-global-color-5)","background-image":"","background-repeat":"repeat","background-position":"center center","background-size":"auto","background-attachment":"scroll","background-type":"","background-media":"","overlay-type":"","overlay-color":"","overlay-opacity":"","overlay-gradient":""},"tablet":{"background-color":"var(--ast-global-color-5)","background-image":"","background-repeat":"repeat","background-position":"center center","background-size":"auto","background-attachment":"scroll","background-type":"","background-media":"","overlay-type":"","overlay-color":"","overlay-opacity":"","overlay-gradient":""},"mobile":{"background-color":"var(--ast-global-color-5)","background-image":"","background-repeat":"repeat","background-position":"center center","background-size":"auto","background-attachment":"scroll","background-type":"","background-media":"","overlay-type":"","overlay-color":"","overlay-opacity":"","overlay-gradient":""}},"footnotes":""},"class_list":["post-1575","page","type-page","status-publish","hentry"],"_links":{"self":[{"href":"https:\/\/globalaidmissions.com\/index.php\/wp-json\/wp\/v2\/pages\/1575","targetHints":{"allow":["GET"]}}],"collection":[{"href":"https:\/\/globalaidmissions.com\/index.php\/wp-json\/wp\/v2\/pages"}],"about":[{"href":"https:\/\/globalaidmissions.com\/index.php\/wp-json\/wp\/v2\/types\/page"}],"author":[{"embeddable":true,"href":"https:\/\/globalaidmissions.com\/index.php\/wp-json\/wp\/v2\/users\/1"}],"replies":[{"embeddable":true,"href":"https:\/\/globalaidmissions.com\/index.php\/wp-json\/wp\/v2\/comments?post=1575"}],"version-history":[{"count":7,"href":"https:\/\/globalaidmissions.com\/index.php\/wp-json\/wp\/v2\/pages\/1575\/revisions"}],"predecessor-version":[{"id":1582,"href":"https:\/\/globalaidmissions.com\/index.php\/wp-json\/wp\/v2\/pages\/1575\/revisions\/1582"}],"wp:attachment":[{"href":"https:\/\/globalaidmissions.com\/index.php\/wp-json\/wp\/v2\/media?parent=1575"}],"curies":[{"name":"wp","href":"https:\/\/api.w.org\/{rel}","templated":true}]}}