{"id":2376,"date":"2024-10-01T13:30:55","date_gmt":"2024-10-01T13:30:55","guid":{"rendered":"https:\/\/globalaidmissions.com\/?page_id=2376"},"modified":"2024-10-01T13:32:41","modified_gmt":"2024-10-01T13:32:41","slug":"bem-vindo-a-escola-de-ciencias-da-saude-do-imptn","status":"publish","type":"page","link":"https:\/\/globalaidmissions.com\/index.php\/bem-vindo-a-escola-de-ciencias-da-saude-do-imptn\/","title":{"rendered":"Bem-vindo \u00e0 Escola de Ci\u00eancias da Sa\u00fade do IMPTN"},"content":{"rendered":"\t\t<div data-elementor-type=\"wp-page\" data-elementor-id=\"2376\" class=\"elementor elementor-2376\">\n\t\t\t\t\t\t<section class=\"elementor-section elementor-top-section elementor-element elementor-element-59463fa elementor-section-full_width elementor-section-height-default elementor-section-height-default wpr-particle-no wpr-jarallax-no wpr-parallax-no wpr-sticky-section-no wpr-equal-height-no\" data-id=\"59463fa\" data-element_type=\"section\" data-e-type=\"section\">\n\t\t\t\t\t\t<div class=\"elementor-container elementor-column-gap-no\">\n\t\t\t\t\t<div class=\"elementor-column elementor-col-50 elementor-top-column elementor-element elementor-element-713f538 elementor-invisible\" data-id=\"713f538\" data-element_type=\"column\" data-e-type=\"column\" data-settings=\"{&quot;background_background&quot;:&quot;classic&quot;,&quot;animation&quot;:&quot;tada&quot;}\">\n\t\t\t<div class=\"elementor-widget-wrap elementor-element-populated\">\n\t\t\t\t\t<div class=\"elementor-background-overlay\"><\/div>\n\t\t\t\t\t\t<div class=\"elementor-element elementor-element-feda01a e-transform elementor-widget elementor-widget-image\" data-id=\"feda01a\" data-element_type=\"widget\" data-e-type=\"widget\" data-settings=\"{&quot;_transform_translateX_effect_hover&quot;:{&quot;unit&quot;:&quot;px&quot;,&quot;size&quot;:10,&quot;sizes&quot;:[]},&quot;_transform_translateY_effect_hover&quot;:{&quot;unit&quot;:&quot;px&quot;,&quot;size&quot;:-10,&quot;sizes&quot;:[]},&quot;_transform_translateX_effect_hover_tablet&quot;:{&quot;unit&quot;:&quot;px&quot;,&quot;size&quot;:&quot;&quot;,&quot;sizes&quot;:[]},&quot;_transform_translateX_effect_hover_mobile&quot;:{&quot;unit&quot;:&quot;px&quot;,&quot;size&quot;:&quot;&quot;,&quot;sizes&quot;:[]},&quot;_transform_translateY_effect_hover_tablet&quot;:{&quot;unit&quot;:&quot;px&quot;,&quot;size&quot;:&quot;&quot;,&quot;sizes&quot;:[]},&quot;_transform_translateY_effect_hover_mobile&quot;:{&quot;unit&quot;:&quot;px&quot;,&quot;size&quot;:&quot;&quot;,&quot;sizes&quot;:[]}}\" data-widget_type=\"image.default\">\n\t\t\t\t<div class=\"elementor-widget-container\">\n\t\t\t\t\t\t\t\t\t\t\t\t\t\t\t<img decoding=\"async\" src=\"https:\/\/globalaidmissions.com\/wp-content\/uploads\/2024\/10\/IMG_1554-scaled.jpg\" title=\"\" alt=\"\" loading=\"lazy\" \/>\t\t\t\t\t\t\t\t\t\t\t\t\t\t\t<\/div>\n\t\t\t\t<\/div>\n\t\t\t\t\t<\/div>\n\t\t<\/div>\n\t\t\t\t<div class=\"elementor-column elementor-col-50 elementor-top-column elementor-element elementor-element-199f252\" data-id=\"199f252\" data-element_type=\"column\" data-e-type=\"column\" data-settings=\"{&quot;background_background&quot;:&quot;classic&quot;}\">\n\t\t\t<div class=\"elementor-widget-wrap elementor-element-populated\">\n\t\t\t\t\t<div class=\"elementor-background-overlay\"><\/div>\n\t\t\t\t\t\t<section class=\"elementor-section elementor-inner-section elementor-element elementor-element-3a8933b elementor-section-boxed elementor-section-height-default elementor-section-height-default wpr-particle-no wpr-jarallax-no wpr-parallax-no wpr-sticky-section-no wpr-equal-height-no\" data-id=\"3a8933b\" data-element_type=\"section\" data-e-type=\"section\">\n\t\t\t\t\t\t<div class=\"elementor-container elementor-column-gap-no\">\n\t\t\t\t\t<div class=\"elementor-column elementor-col-100 elementor-inner-column elementor-element elementor-element-e705b18\" data-id=\"e705b18\" data-element_type=\"column\" data-e-type=\"column\" data-settings=\"{&quot;background_background&quot;:&quot;classic&quot;}\">\n\t\t\t<div class=\"elementor-widget-wrap elementor-element-populated\">\n\t\t\t\t\t\t<div class=\"elementor-element elementor-element-20193bf e-transform elementor-widget elementor-widget-heading\" data-id=\"20193bf\" data-element_type=\"widget\" data-e-type=\"widget\" data-settings=\"{&quot;_transform_translateX_effect_hover&quot;:{&quot;unit&quot;:&quot;px&quot;,&quot;size&quot;:5,&quot;sizes&quot;:[]},&quot;_transform_translateY_effect_hover&quot;:{&quot;unit&quot;:&quot;px&quot;,&quot;size&quot;:-20,&quot;sizes&quot;:[]},&quot;_transform_translateX_effect_hover_tablet&quot;:{&quot;unit&quot;:&quot;px&quot;,&quot;size&quot;:&quot;&quot;,&quot;sizes&quot;:[]},&quot;_transform_translateX_effect_hover_mobile&quot;:{&quot;unit&quot;:&quot;px&quot;,&quot;size&quot;:&quot;&quot;,&quot;sizes&quot;:[]},&quot;_transform_translateY_effect_hover_tablet&quot;:{&quot;unit&quot;:&quot;px&quot;,&quot;size&quot;:&quot;&quot;,&quot;sizes&quot;:[]},&quot;_transform_translateY_effect_hover_mobile&quot;:{&quot;unit&quot;:&quot;px&quot;,&quot;size&quot;:&quot;&quot;,&quot;sizes&quot;:[]}}\" data-widget_type=\"heading.default\">\n\t\t\t\t<div class=\"elementor-widget-container\">\n\t\t\t\t\t<h2 class=\"elementor-heading-title elementor-size-default\">Bem-vindo \u00e0 Escola de Ci\u00eancias da Sa\u00fade do IMPTN<\/h2>\t\t\t\t<\/div>\n\t\t\t\t<\/div>\n\t\t\t\t<div class=\"elementor-element elementor-element-fb3b127 e-transform elementor-widget elementor-widget-text-editor\" data-id=\"fb3b127\" data-element_type=\"widget\" data-e-type=\"widget\" data-settings=\"{&quot;_transform_translateX_effect_hover&quot;:{&quot;unit&quot;:&quot;px&quot;,&quot;size&quot;:-40,&quot;sizes&quot;:[]},&quot;_transform_translateY_effect_hover&quot;:{&quot;unit&quot;:&quot;px&quot;,&quot;size&quot;:-10,&quot;sizes&quot;:[]},&quot;_transform_translateX_effect_hover_tablet&quot;:{&quot;unit&quot;:&quot;px&quot;,&quot;size&quot;:&quot;&quot;,&quot;sizes&quot;:[]},&quot;_transform_translateX_effect_hover_mobile&quot;:{&quot;unit&quot;:&quot;px&quot;,&quot;size&quot;:&quot;&quot;,&quot;sizes&quot;:[]},&quot;_transform_translateY_effect_hover_tablet&quot;:{&quot;unit&quot;:&quot;px&quot;,&quot;size&quot;:&quot;&quot;,&quot;sizes&quot;:[]},&quot;_transform_translateY_effect_hover_mobile&quot;:{&quot;unit&quot;:&quot;px&quot;,&quot;size&quot;:&quot;&quot;,&quot;sizes&quot;:[]}}\" data-widget_type=\"text-editor.default\">\n\t\t\t\t<div class=\"elementor-widget-container\">\n\t\t\t\t\t\t\t\t\t<p>Na Escola de Ci\u00eancias da Sa\u00fade Njerenje, estamos dedicados a moldar o futuro dos cuidados de sa\u00fade atrav\u00e9s da excel\u00eancia em educa\u00e7\u00e3o, pesquisa e envolvimento comunit\u00e1rio. Localizada no cora\u00e7\u00e3o de Njerenje, nossa institui\u00e7\u00e3o est\u00e1 comprometida em proporcionar um ambiente de apoio e enriquecimento para estudantes que buscam carreiras em diversos campos relacionados \u00e0 sa\u00fade.<\/p>\t\t\t\t\t\t\t\t<\/div>\n\t\t\t\t<\/div>\n\t\t\t\t\t<\/div>\n\t\t<\/div>\n\t\t\t\t\t<\/div>\n\t\t<\/section>\n\t\t\t\t\t<\/div>\n\t\t<\/div>\n\t\t\t\t\t<\/div>\n\t\t<\/section>\n\t\t\t\t<section class=\"elementor-section elementor-top-section elementor-element elementor-element-674b9cd elementor-section-boxed elementor-section-height-default elementor-section-height-default wpr-particle-no wpr-jarallax-no wpr-parallax-no wpr-sticky-section-no wpr-equal-height-no\" data-id=\"674b9cd\" data-element_type=\"section\" data-e-type=\"section\">\n\t\t\t\t\t\t<div class=\"elementor-container elementor-column-gap-default\">\n\t\t\t\t\t<div class=\"elementor-column elementor-col-100 elementor-top-column elementor-element elementor-element-1b8742c\" data-id=\"1b8742c\" data-element_type=\"column\" data-e-type=\"column\">\n\t\t\t<div class=\"elementor-widget-wrap elementor-element-populated\">\n\t\t\t\t\t\t<section class=\"elementor-section elementor-inner-section elementor-element elementor-element-8873dd5 elementor-section-boxed elementor-section-height-default elementor-section-height-default wpr-particle-no wpr-jarallax-no wpr-parallax-no wpr-sticky-section-no wpr-equal-height-no\" data-id=\"8873dd5\" data-element_type=\"section\" data-e-type=\"section\">\n\t\t\t\t\t\t<div class=\"elementor-container elementor-column-gap-default\">\n\t\t\t\t\t<div class=\"elementor-column elementor-col-100 elementor-inner-column elementor-element elementor-element-73b6418\" data-id=\"73b6418\" data-element_type=\"column\" data-e-type=\"column\">\n\t\t\t<div class=\"elementor-widget-wrap elementor-element-populated\">\n\t\t\t\t\t\t<div class=\"elementor-element elementor-element-f5baa81 ekit-equal-height-disable elementor-widget elementor-widget-elementskit-icon-box\" data-id=\"f5baa81\" data-element_type=\"widget\" data-e-type=\"widget\" data-widget_type=\"elementskit-icon-box.default\">\n\t\t\t\t<div class=\"elementor-widget-container\">\n\t\t\t\t\t<div class=\"ekit-wid-con\" >        <!-- link opening -->\n                <a href=\"#\" class=\"ekit_global_links\">\n                <!-- end link opening -->\n\n        <div class=\"elementskit-infobox text-center text- icon-top-align elementor-animation-   \">\n                    <div class=\"elementskit-box-header elementor-animation-\">\n                <div class=\"elementskit-info-box-icon  \">\n                    <i aria-hidden=\"true\" class=\"elementkit-infobox-icon icon icon-manager\"><\/i>\n                <\/div>\n          <\/div>\n                        <div class=\"box-body\">\n                            <h3 class=\"elementskit-info-box-title\">\n                    Nossa Miss\u00e3o                <\/h3>\n                        \t\t  \t<p>Nossa miss\u00e3o \u00e9 educar e inspirar a pr\u00f3xima gera\u00e7\u00e3o de profissionais de sa\u00fade que impactar\u00e3o positivamente a sa\u00fade global. Buscamos a excel\u00eancia acad\u00eamica, a inova\u00e7\u00e3o na pesquisa e o cuidado compassivo em servi\u00e7o \u00e0 humanidade.<\/p>\n                                <\/div>\n        \n        \n                <\/div>\n                <\/a>\n        <\/div>\t\t\t\t<\/div>\n\t\t\t\t<\/div>\n\t\t\t\t\t<\/div>\n\t\t<\/div>\n\t\t\t\t\t<\/div>\n\t\t<\/section>\n\t\t\t\t\t<\/div>\n\t\t<\/div>\n\t\t\t\t\t<\/div>\n\t\t<\/section>\n\t\t<div class=\"elementor-element elementor-element-ca4d51c e-con-full e-flex wpr-particle-no wpr-jarallax-no wpr-parallax-no wpr-sticky-section-no wpr-equal-height-no e-con e-parent\" data-id=\"ca4d51c\" data-element_type=\"container\" data-e-type=\"container\">\n\t\t\t\t<div class=\"elementor-element elementor-element-2d10de5 wpr-advanced-accordion-icon-side-box elementor-widget elementor-widget-wpr-advanced-accordion\" data-id=\"2d10de5\" data-element_type=\"widget\" data-e-type=\"widget\" data-settings=\"{&quot;active_item&quot;:1}\" data-widget_type=\"wpr-advanced-accordion.default\">\n\t\t\t\t<div class=\"elementor-widget-container\">\n\t\t\t\t\t\n            <div class=\"wpr-advanced-accordion\" data-accordion-type=\"accordion\" data-active-index=\"1\" data-accordion-trigger=\"click\" data-interaction-speed=\"0.4\">\n\n\t\t\t\n                \n\t\t\t\t\t<div class=\"wpr-accordion-item-wrap\">\n\t\t\t\t\t\t<button class=\"wpr-acc-button\">\n\t\t\t\t\t\t\t<span class=\"wpr-acc-item-title\">\n\t\t\t\t\t\t\t\t\t\t\t\t\t\t\t\t\t<div class=\"wpr-acc-icon-box\">\n\t\t\t\t\t\t\t\t\t\t\t\t\t\t<span class=\"wpr-title-icon\">\n\t\t\t\t\t<svg aria-hidden=\"true\" class=\"e-font-icon-svg e-fas-search-location\" viewBox=\"0 0 512 512\" xmlns=\"http:\/\/www.w3.org\/2000\/svg\"><path d=\"M505.04 442.66l-99.71-99.69c-4.5-4.5-10.6-7-17-7h-16.3c27.6-35.3 44-79.69 44-127.99C416.03 93.09 322.92 0 208.02 0S0 93.09 0 207.98s93.11 207.98 208.02 207.98c48.3 0 92.71-16.4 128.01-44v16.3c0 6.4 2.5 12.5 7 17l99.71 99.69c9.4 9.4 24.6 9.4 33.9 0l28.3-28.3c9.4-9.4 9.4-24.59.1-33.99zm-297.02-90.7c-79.54 0-144-64.34-144-143.98 0-79.53 64.35-143.98 144-143.98 79.54 0 144 64.34 144 143.98 0 79.53-64.35 143.98-144 143.98zm.02-239.96c-40.78 0-73.84 33.05-73.84 73.83 0 32.96 48.26 93.05 66.75 114.86a9.24 9.24 0 0 0 14.18 0c18.49-21.81 66.75-81.89 66.75-114.86 0-40.78-33.06-73.83-73.84-73.83zm0 96c-13.26 0-24-10.75-24-24 0-13.26 10.75-24 24-24s24 10.74 24 24c0 13.25-10.75 24-24 24z\"><\/path><\/svg>\t\t\t\t<\/span>\n\t\t\t\t\t\t\t\t\t\t\t\t<\/div>\n\t\t\t\t\t\t\t\t\n\t\t\t\t\t\t\t\t<span class=\"wpr-acc-title-text\">Programas Acad\u00eamicos<\/span>\n\t\t\t\t\t\t\t<\/span>\n\t\t\t\t\t\t\t\t\t\t\t<span class=\"wpr-toggle-icon wpr-ti-close\"><svg aria-hidden=\"true\" class=\"e-font-icon-svg e-fas-plus\" viewBox=\"0 0 448 512\" xmlns=\"http:\/\/www.w3.org\/2000\/svg\"><path d=\"M416 208H272V64c0-17.67-14.33-32-32-32h-32c-17.67 0-32 14.33-32 32v144H32c-17.67 0-32 14.33-32 32v32c0 17.67 14.33 32 32 32h144v144c0 17.67 14.33 32 32 32h32c17.67 0 32-14.33 32-32V304h144c17.67 0 32-14.33 32-32v-32c0-17.67-14.33-32-32-32z\"><\/path><\/svg><\/span>\n\t\t\t\t<span class=\"wpr-toggle-icon wpr-ti-open\"><svg aria-hidden=\"true\" class=\"e-font-icon-svg e-fas-minus\" viewBox=\"0 0 448 512\" xmlns=\"http:\/\/www.w3.org\/2000\/svg\"><path d=\"M416 208H32c-17.67 0-32 14.33-32 32v32c0 17.67 14.33 32 32 32h384c17.67 0 32-14.33 32-32v-32c0-17.67-14.33-32-32-32z\"><\/path><\/svg><\/span>\n\t\t\t\t\t\t\t\t\t<\/button>\n\n\t\t\t\t\t\t<div class=\"wpr-acc-panel\">\n\t\t\t\t\t\t\t\t\t\t\t\t\t\t\t<div class=\"wpr-acc-panel-content\"><p>Oferecemos uma ampla gama de programas projetados para atender \u00e0s diversas necessidades de nossos alunos e da ind\u00fastria de sa\u00fade. Nossos programas incluem diploma em:<\/p><ol><li>Tecnico de Enfermagem Geral<\/li><li>Enfermagem Materno-Infantil<\/li><li>T\u00e9cnico em Medicina Geral<\/li><li>Nutri\u00e7\u00e3o<\/li><li>Administra\u00e7\u00e3o e Gest\u00e3o Hospitalar<\/li><\/ol><p><span style=\"text-decoration: underline;\"><strong>Por que nos Escolher?<\/strong><\/span><\/p><p><strong>Corpo Docente Experiente:<\/strong> Aprenda com profissionais experientes que s\u00e3o l\u00edderes em suas \u00e1reas.<\/p><p><strong>Instala\u00e7\u00f5es de Ponta:<\/strong> Acesse laborat\u00f3rios modernos e centros de simula\u00e7\u00e3o que replicam ambientes de sa\u00fade do mundo real.<\/p><p><strong>Aprendizado Pr\u00e1tico:<\/strong> Ganhe experi\u00eancia pr\u00e1tica atrav\u00e9s de est\u00e1gios cl\u00ednicos com provedores de sa\u00fade l\u00edderes.<\/p><p><strong>Apoio \u00e0 Carreira:<\/strong> Beneficie-se de orienta\u00e7\u00e3o profissional, oportunidades de networking e conex\u00f5es com ex-alunos para lan\u00e7ar sua carreira.<\/p><p><span style=\"text-decoration: underline;\"><strong>Pesquisa e Inova\u00e7\u00e3o<\/strong><\/span><\/p><p>Nossos professores e alunos est\u00e3o engajados em pesquisa que melhora os resultados dos pacientes, estando na vanguarda da inova\u00e7\u00e3o em cuidados de sa\u00fade.<\/p><p><span style=\"text-decoration: underline;\"><strong>Engajamento Comunit\u00e1rio<\/strong><\/span><\/p><p>Acreditamos em retribuir \u00e0 comunidade. Atrav\u00e9s de programas de extens\u00e3o e parcerias com organiza\u00e7\u00f5es locais de sa\u00fade, nossos estudantes e professores contribuem para melhorar a sa\u00fade e o bem-estar em Njerenje e al\u00e9m.<\/p><p><strong><span style=\"text-decoration: underline;\">Admiss\u00f5es<\/span><\/strong><\/p><p>Pronto para se juntar a n\u00f3s? Explore nosso processo de admiss\u00e3o e inicie sua jornada em dire\u00e7\u00e3o a uma carreira gratificante na \u00e1rea da sa\u00fade. Recebemos estudantes apaixonados por fazer a diferen\u00e7a na vida dos outros.<\/p><p><span style=\"text-decoration: underline;\"><strong>Entre em Contato<\/strong><\/span><\/p><p>Tem perguntas ou deseja saber mais sobre a Escola de Ci\u00eancias da Sa\u00fade Njerenje? Nossa equipe amig\u00e1vel est\u00e1 aqui para ajudar. Entre em contato hoje para agendar uma visita ao campus ou para obter informa\u00e7\u00f5es sobre nossos programas.<\/p><p>Junte-se \u00e0 Escola de Ci\u00eancias da Sa\u00fade Njerenje e fa\u00e7a parte de uma comunidade vibrante dedicada a melhorar os cuidados de sa\u00fade.<\/p><\/div>\n\t\t\t\t\t\t\t\t\t\t\t\t\t<\/div>\n                    <\/div>\n\n                            <\/div>\n        \t\t\t\t<\/div>\n\t\t\t\t<\/div>\n\t\t\t\t<\/div>\n\t\t\t\t<\/div>\n\t\t","protected":false},"excerpt":{"rendered":"<p>Bem-vindo \u00e0 Escola de Ci\u00eancias da Sa\u00fade do IMPTN Na Escola de Ci\u00eancias da Sa\u00fade Njerenje, estamos dedicados a moldar o futuro dos cuidados de sa\u00fade atrav\u00e9s da excel\u00eancia em educa\u00e7\u00e3o, pesquisa e envolvimento comunit\u00e1rio. Localizada no cora\u00e7\u00e3o de Njerenje, nossa institui\u00e7\u00e3o est\u00e1 comprometida em proporcionar um ambiente de apoio e enriquecimento para estudantes que buscam carreiras em diversos campos relacionados \u00e0 sa\u00fade. Nossa Miss\u00e3o Nossa miss\u00e3o \u00e9 educar e inspirar a pr\u00f3xima gera\u00e7\u00e3o de profissionais de sa\u00fade que impactar\u00e3o positivamente a sa\u00fade global. Buscamos a excel\u00eancia acad\u00eamica, a inova\u00e7\u00e3o na pesquisa e o cuidado compassivo em servi\u00e7o \u00e0 humanidade. Programas Acad\u00eamicos Oferecemos uma ampla gama de programas projetados para atender \u00e0s diversas necessidades de nossos alunos e da ind\u00fastria de sa\u00fade. Nossos programas incluem diploma em: Tecnico de Enfermagem Geral Enfermagem Materno-Infantil T\u00e9cnico em Medicina Geral Nutri\u00e7\u00e3o Administra\u00e7\u00e3o e Gest\u00e3o Hospitalar Por que nos Escolher? Corpo Docente Experiente: Aprenda com profissionais experientes que s\u00e3o l\u00edderes em suas \u00e1reas. Instala\u00e7\u00f5es de Ponta: Acesse laborat\u00f3rios modernos e centros de simula\u00e7\u00e3o que replicam ambientes de sa\u00fade do mundo real. Aprendizado Pr\u00e1tico: Ganhe experi\u00eancia pr\u00e1tica atrav\u00e9s de est\u00e1gios cl\u00ednicos com provedores de sa\u00fade l\u00edderes. Apoio \u00e0 Carreira: Beneficie-se de orienta\u00e7\u00e3o profissional, oportunidades de networking e conex\u00f5es com ex-alunos para lan\u00e7ar sua carreira. Pesquisa e Inova\u00e7\u00e3o Nossos professores e alunos est\u00e3o engajados em pesquisa que melhora os resultados dos pacientes, estando na vanguarda da inova\u00e7\u00e3o em cuidados de sa\u00fade. Engajamento Comunit\u00e1rio Acreditamos em retribuir \u00e0 comunidade. Atrav\u00e9s de programas de extens\u00e3o e parcerias com organiza\u00e7\u00f5es locais de sa\u00fade, nossos estudantes e professores contribuem para melhorar a sa\u00fade e o bem-estar em Njerenje e al\u00e9m. Admiss\u00f5es Pronto para se juntar a n\u00f3s? Explore nosso processo de admiss\u00e3o e inicie sua jornada em dire\u00e7\u00e3o a uma carreira gratificante na \u00e1rea da sa\u00fade. Recebemos estudantes apaixonados por fazer a diferen\u00e7a na vida dos outros. Entre em Contato Tem perguntas ou deseja saber mais sobre a Escola de Ci\u00eancias da Sa\u00fade Njerenje? Nossa equipe amig\u00e1vel est\u00e1 aqui para ajudar. Entre em contato hoje para agendar uma visita ao campus ou para obter informa\u00e7\u00f5es sobre nossos programas. Junte-se \u00e0 Escola de Ci\u00eancias da Sa\u00fade Njerenje e fa\u00e7a parte de uma comunidade vibrante dedicada a melhorar os cuidados de sa\u00fade.<\/p>\n","protected":false},"author":1,"featured_media":0,"parent":0,"menu_order":0,"comment_status":"closed","ping_status":"closed","template":"","meta":{"site-sidebar-layout":"no-sidebar","site-content-layout":"page-builder","ast-site-content-layout":"full-width-container","site-content-style":"default","site-sidebar-style":"default","ast-global-header-display":"","ast-banner-title-visibility":"","ast-main-header-display":"","ast-hfb-above-header-display":"","ast-hfb-below-header-display":"","ast-hfb-mobile-header-display":"","site-post-title":"disabled","ast-breadcrumbs-content":"","ast-featured-img":"disabled","footer-sml-layout":"","ast-disable-related-posts":"","theme-transparent-header-meta":"","adv-header-id-meta":"","stick-header-meta":"","header-above-stick-meta":"","header-main-stick-meta":"","header-below-stick-meta":"","astra-migrate-meta-layouts":"set","ast-page-background-enabled":"default","ast-page-background-meta":{"desktop":{"background-color":"var(--ast-global-color-4)","background-image":"","background-repeat":"repeat","background-position":"center center","background-size":"auto","background-attachment":"scroll","background-type":"","background-media":"","overlay-type":"","overlay-color":"","overlay-opacity":"","overlay-gradient":""},"tablet":{"background-color":"","background-image":"","background-repeat":"repeat","background-position":"center center","background-size":"auto","background-attachment":"scroll","background-type":"","background-media":"","overlay-type":"","overlay-color":"","overlay-opacity":"","overlay-gradient":""},"mobile":{"background-color":"","background-image":"","background-repeat":"repeat","background-position":"center center","background-size":"auto","background-attachment":"scroll","background-type":"","background-media":"","overlay-type":"","overlay-color":"","overlay-opacity":"","overlay-gradient":""}},"ast-content-background-meta":{"desktop":{"background-color":"var(--ast-global-color-5)","background-image":"","background-repeat":"repeat","background-position":"center center","background-size":"auto","background-attachment":"scroll","background-type":"","background-media":"","overlay-type":"","overlay-color":"","overlay-opacity":"","overlay-gradient":""},"tablet":{"background-color":"var(--ast-global-color-5)","background-image":"","background-repeat":"repeat","background-position":"center center","background-size":"auto","background-attachment":"scroll","background-type":"","background-media":"","overlay-type":"","overlay-color":"","overlay-opacity":"","overlay-gradient":""},"mobile":{"background-color":"var(--ast-global-color-5)","background-image":"","background-repeat":"repeat","background-position":"center center","background-size":"auto","background-attachment":"scroll","background-type":"","background-media":"","overlay-type":"","overlay-color":"","overlay-opacity":"","overlay-gradient":""}},"footnotes":""},"class_list":["post-2376","page","type-page","status-publish","hentry"],"_links":{"self":[{"href":"https:\/\/globalaidmissions.com\/index.php\/wp-json\/wp\/v2\/pages\/2376","targetHints":{"allow":["GET"]}}],"collection":[{"href":"https:\/\/globalaidmissions.com\/index.php\/wp-json\/wp\/v2\/pages"}],"about":[{"href":"https:\/\/globalaidmissions.com\/index.php\/wp-json\/wp\/v2\/types\/page"}],"author":[{"embeddable":true,"href":"https:\/\/globalaidmissions.com\/index.php\/wp-json\/wp\/v2\/users\/1"}],"replies":[{"embeddable":true,"href":"https:\/\/globalaidmissions.com\/index.php\/wp-json\/wp\/v2\/comments?post=2376"}],"version-history":[{"count":4,"href":"https:\/\/globalaidmissions.com\/index.php\/wp-json\/wp\/v2\/pages\/2376\/revisions"}],"predecessor-version":[{"id":2380,"href":"https:\/\/globalaidmissions.com\/index.php\/wp-json\/wp\/v2\/pages\/2376\/revisions\/2380"}],"wp:attachment":[{"href":"https:\/\/globalaidmissions.com\/index.php\/wp-json\/wp\/v2\/media?parent=2376"}],"curies":[{"name":"wp","href":"https:\/\/api.w.org\/{rel}","templated":true}]}}