{"id":2387,"date":"2024-10-01T13:38:29","date_gmt":"2024-10-01T13:38:29","guid":{"rendered":"https:\/\/globalaidmissions.com\/?page_id=2387"},"modified":"2024-10-01T13:41:04","modified_gmt":"2024-10-01T13:41:04","slug":"bem-vindo-a-escola-de-agricultura-do-imptn","status":"publish","type":"page","link":"https:\/\/globalaidmissions.com\/index.php\/bem-vindo-a-escola-de-agricultura-do-imptn\/","title":{"rendered":"Bem-vindo \u00e0 Escola de Agricultura do IMPTN"},"content":{"rendered":"\t\t<div data-elementor-type=\"wp-page\" data-elementor-id=\"2387\" class=\"elementor elementor-2387\">\n\t\t\t\t\t\t<section class=\"elementor-section elementor-top-section elementor-element elementor-element-05ec6c8 elementor-section-full_width elementor-section-height-default elementor-section-height-default wpr-particle-no wpr-jarallax-no wpr-parallax-no wpr-sticky-section-no wpr-equal-height-no\" data-id=\"05ec6c8\" data-element_type=\"section\" data-e-type=\"section\">\n\t\t\t\t\t\t<div class=\"elementor-container elementor-column-gap-no\">\n\t\t\t\t\t<div class=\"elementor-column elementor-col-50 elementor-top-column elementor-element elementor-element-9bcbd7a\" data-id=\"9bcbd7a\" data-element_type=\"column\" data-e-type=\"column\" data-settings=\"{&quot;background_background&quot;:&quot;classic&quot;}\">\n\t\t\t<div class=\"elementor-widget-wrap elementor-element-populated\">\n\t\t\t\t\t<div class=\"elementor-background-overlay\"><\/div>\n\t\t\t\t\t\t<section class=\"elementor-section elementor-inner-section elementor-element elementor-element-961ff21 elementor-section-boxed elementor-section-height-default elementor-section-height-default wpr-particle-no wpr-jarallax-no wpr-parallax-no wpr-sticky-section-no wpr-equal-height-no\" data-id=\"961ff21\" data-element_type=\"section\" data-e-type=\"section\">\n\t\t\t\t\t\t<div class=\"elementor-container elementor-column-gap-no\">\n\t\t\t\t\t<div class=\"elementor-column elementor-col-100 elementor-inner-column elementor-element elementor-element-407fb89\" data-id=\"407fb89\" data-element_type=\"column\" data-e-type=\"column\" data-settings=\"{&quot;background_background&quot;:&quot;classic&quot;}\">\n\t\t\t<div class=\"elementor-widget-wrap elementor-element-populated\">\n\t\t\t\t\t\t<div class=\"elementor-element elementor-element-1f7a219 e-transform elementor-widget elementor-widget-heading\" data-id=\"1f7a219\" data-element_type=\"widget\" data-e-type=\"widget\" data-settings=\"{&quot;_transform_translateX_effect_hover&quot;:{&quot;unit&quot;:&quot;px&quot;,&quot;size&quot;:5,&quot;sizes&quot;:[]},&quot;_transform_translateY_effect_hover&quot;:{&quot;unit&quot;:&quot;px&quot;,&quot;size&quot;:-20,&quot;sizes&quot;:[]},&quot;_transform_translateX_effect_hover_tablet&quot;:{&quot;unit&quot;:&quot;px&quot;,&quot;size&quot;:&quot;&quot;,&quot;sizes&quot;:[]},&quot;_transform_translateX_effect_hover_mobile&quot;:{&quot;unit&quot;:&quot;px&quot;,&quot;size&quot;:&quot;&quot;,&quot;sizes&quot;:[]},&quot;_transform_translateY_effect_hover_tablet&quot;:{&quot;unit&quot;:&quot;px&quot;,&quot;size&quot;:&quot;&quot;,&quot;sizes&quot;:[]},&quot;_transform_translateY_effect_hover_mobile&quot;:{&quot;unit&quot;:&quot;px&quot;,&quot;size&quot;:&quot;&quot;,&quot;sizes&quot;:[]}}\" data-widget_type=\"heading.default\">\n\t\t\t\t<div class=\"elementor-widget-container\">\n\t\t\t\t\t<h2 class=\"elementor-heading-title elementor-size-default\">Bem-vindo \u00e0 Escola de Agricultura do IMPTN<\/h2>\t\t\t\t<\/div>\n\t\t\t\t<\/div>\n\t\t\t\t<div class=\"elementor-element elementor-element-630eca7 e-transform elementor-widget elementor-widget-text-editor\" data-id=\"630eca7\" data-element_type=\"widget\" data-e-type=\"widget\" data-settings=\"{&quot;_transform_translateX_effect_hover&quot;:{&quot;unit&quot;:&quot;px&quot;,&quot;size&quot;:-40,&quot;sizes&quot;:[]},&quot;_transform_translateY_effect_hover&quot;:{&quot;unit&quot;:&quot;px&quot;,&quot;size&quot;:-10,&quot;sizes&quot;:[]},&quot;_transform_translateX_effect_hover_tablet&quot;:{&quot;unit&quot;:&quot;px&quot;,&quot;size&quot;:&quot;&quot;,&quot;sizes&quot;:[]},&quot;_transform_translateX_effect_hover_mobile&quot;:{&quot;unit&quot;:&quot;px&quot;,&quot;size&quot;:&quot;&quot;,&quot;sizes&quot;:[]},&quot;_transform_translateY_effect_hover_tablet&quot;:{&quot;unit&quot;:&quot;px&quot;,&quot;size&quot;:&quot;&quot;,&quot;sizes&quot;:[]},&quot;_transform_translateY_effect_hover_mobile&quot;:{&quot;unit&quot;:&quot;px&quot;,&quot;size&quot;:&quot;&quot;,&quot;sizes&quot;:[]}}\" data-widget_type=\"text-editor.default\">\n\t\t\t\t<div class=\"elementor-widget-container\">\n\t\t\t\t\t\t\t\t\t<p>Seja bem-vindo \u00e0 Escola de Agricultura em Njerenje, onde cultivamos conhecimento, inova\u00e7\u00e3o e pr\u00e1ticas sustent\u00e1veis para moldar o futuro da agricultura. Localizada entre as terras f\u00e9rteis de Njerenje, nossa institui\u00e7\u00e3o \u00e9 dedicada a equipar os alunos com as habilidades e expertise necess\u00e1rias para enfrentar os desafios agr\u00edcolas globais.<\/p>\t\t\t\t\t\t\t\t<\/div>\n\t\t\t\t<\/div>\n\t\t\t\t\t<\/div>\n\t\t<\/div>\n\t\t\t\t\t<\/div>\n\t\t<\/section>\n\t\t\t\t\t<\/div>\n\t\t<\/div>\n\t\t\t\t<div class=\"elementor-column elementor-col-50 elementor-top-column elementor-element elementor-element-ec9f298 elementor-invisible\" data-id=\"ec9f298\" data-element_type=\"column\" data-e-type=\"column\" data-settings=\"{&quot;background_background&quot;:&quot;classic&quot;,&quot;animation&quot;:&quot;tada&quot;}\">\n\t\t\t<div class=\"elementor-widget-wrap elementor-element-populated\">\n\t\t\t\t\t<div class=\"elementor-background-overlay\"><\/div>\n\t\t\t\t\t\t<div class=\"elementor-element elementor-element-7286d5a e-transform elementor-widget elementor-widget-image\" data-id=\"7286d5a\" data-element_type=\"widget\" data-e-type=\"widget\" data-settings=\"{&quot;_transform_translateX_effect_hover&quot;:{&quot;unit&quot;:&quot;px&quot;,&quot;size&quot;:10,&quot;sizes&quot;:[]},&quot;_transform_translateY_effect_hover&quot;:{&quot;unit&quot;:&quot;px&quot;,&quot;size&quot;:-10,&quot;sizes&quot;:[]},&quot;_transform_translateX_effect_hover_tablet&quot;:{&quot;unit&quot;:&quot;px&quot;,&quot;size&quot;:&quot;&quot;,&quot;sizes&quot;:[]},&quot;_transform_translateX_effect_hover_mobile&quot;:{&quot;unit&quot;:&quot;px&quot;,&quot;size&quot;:&quot;&quot;,&quot;sizes&quot;:[]},&quot;_transform_translateY_effect_hover_tablet&quot;:{&quot;unit&quot;:&quot;px&quot;,&quot;size&quot;:&quot;&quot;,&quot;sizes&quot;:[]},&quot;_transform_translateY_effect_hover_mobile&quot;:{&quot;unit&quot;:&quot;px&quot;,&quot;size&quot;:&quot;&quot;,&quot;sizes&quot;:[]}}\" data-widget_type=\"image.default\">\n\t\t\t\t<div class=\"elementor-widget-container\">\n\t\t\t\t\t\t\t\t\t\t\t\t\t\t\t<img decoding=\"async\" src=\"https:\/\/globalaidmissions.com\/wp-content\/uploads\/2024\/10\/IMG_1554-scaled.jpg\" title=\"\" alt=\"\" loading=\"lazy\" \/>\t\t\t\t\t\t\t\t\t\t\t\t\t\t\t<\/div>\n\t\t\t\t<\/div>\n\t\t\t\t\t<\/div>\n\t\t<\/div>\n\t\t\t\t\t<\/div>\n\t\t<\/section>\n\t\t\t\t<section class=\"elementor-section elementor-top-section elementor-element elementor-element-2d7e46e elementor-section-boxed elementor-section-height-default elementor-section-height-default wpr-particle-no wpr-jarallax-no wpr-parallax-no wpr-sticky-section-no wpr-equal-height-no\" data-id=\"2d7e46e\" data-element_type=\"section\" data-e-type=\"section\">\n\t\t\t\t\t\t<div class=\"elementor-container elementor-column-gap-default\">\n\t\t\t\t\t<div class=\"elementor-column elementor-col-100 elementor-top-column elementor-element elementor-element-f4f32de\" data-id=\"f4f32de\" data-element_type=\"column\" data-e-type=\"column\">\n\t\t\t<div class=\"elementor-widget-wrap elementor-element-populated\">\n\t\t\t\t\t\t<section class=\"elementor-section elementor-inner-section elementor-element elementor-element-cd04482 elementor-section-boxed elementor-section-height-default elementor-section-height-default wpr-particle-no wpr-jarallax-no wpr-parallax-no wpr-sticky-section-no wpr-equal-height-no\" data-id=\"cd04482\" data-element_type=\"section\" data-e-type=\"section\">\n\t\t\t\t\t\t<div class=\"elementor-container elementor-column-gap-default\">\n\t\t\t\t\t<div class=\"elementor-column elementor-col-100 elementor-inner-column elementor-element elementor-element-e1d6abb\" data-id=\"e1d6abb\" data-element_type=\"column\" data-e-type=\"column\">\n\t\t\t<div class=\"elementor-widget-wrap elementor-element-populated\">\n\t\t\t\t\t\t<div class=\"elementor-element elementor-element-cca98fc ekit-equal-height-disable elementor-widget elementor-widget-elementskit-icon-box\" data-id=\"cca98fc\" data-element_type=\"widget\" data-e-type=\"widget\" data-widget_type=\"elementskit-icon-box.default\">\n\t\t\t\t<div class=\"elementor-widget-container\">\n\t\t\t\t\t<div class=\"ekit-wid-con\" >        <!-- link opening -->\n                <a href=\"#\" class=\"ekit_global_links\">\n                <!-- end link opening -->\n\n        <div class=\"elementskit-infobox text-center text- icon-top-align elementor-animation-   \">\n                    <div class=\"elementskit-box-header elementor-animation-\">\n                <div class=\"elementskit-info-box-icon  \">\n                    <i aria-hidden=\"true\" class=\"elementkit-infobox-icon icon icon-manager\"><\/i>\n                <\/div>\n          <\/div>\n                        <div class=\"box-body\">\n                            <h3 class=\"elementskit-info-box-title\">\n                    Nossa Miss\u00e3o                <\/h3>\n                        \t\t  \t<p>Nossa miss\u00e3o \u00e9 educar e capacitar a pr\u00f3xima gera\u00e7\u00e3o de l\u00edderes agr\u00edcolas que impulsionar\u00e3o mudan\u00e7as positivas nas pr\u00e1ticas agr\u00edcolas, seguran\u00e7a alimentar e desenvolvimento rural. Enfatizamos a excel\u00eancia na educa\u00e7\u00e3o, pesquisa e envolvimento comunit\u00e1rio para promover sistemas agr\u00edcolas sustent\u00e1veis.<\/p>\n                                <\/div>\n        \n        \n                <\/div>\n                <\/a>\n        <\/div>\t\t\t\t<\/div>\n\t\t\t\t<\/div>\n\t\t\t\t\t<\/div>\n\t\t<\/div>\n\t\t\t\t\t<\/div>\n\t\t<\/section>\n\t\t\t\t\t<\/div>\n\t\t<\/div>\n\t\t\t\t\t<\/div>\n\t\t<\/section>\n\t\t<div class=\"elementor-element elementor-element-22d4353 e-con-full e-flex wpr-particle-no wpr-jarallax-no wpr-parallax-no wpr-sticky-section-no wpr-equal-height-no e-con e-parent\" data-id=\"22d4353\" data-element_type=\"container\" data-e-type=\"container\">\n\t\t\t\t<div class=\"elementor-element elementor-element-f5adeb4 wpr-advanced-accordion-icon-side-box elementor-widget elementor-widget-wpr-advanced-accordion\" data-id=\"f5adeb4\" data-element_type=\"widget\" data-e-type=\"widget\" data-settings=\"{&quot;active_item&quot;:1}\" data-widget_type=\"wpr-advanced-accordion.default\">\n\t\t\t\t<div class=\"elementor-widget-container\">\n\t\t\t\t\t\n            <div class=\"wpr-advanced-accordion\" data-accordion-type=\"accordion\" data-active-index=\"1\" data-accordion-trigger=\"click\" data-interaction-speed=\"0.4\">\n\n\t\t\t\n                \n\t\t\t\t\t<div class=\"wpr-accordion-item-wrap\">\n\t\t\t\t\t\t<button class=\"wpr-acc-button\">\n\t\t\t\t\t\t\t<span class=\"wpr-acc-item-title\">\n\t\t\t\t\t\t\t\t\t\t\t\t\t\t\t\t\t<div class=\"wpr-acc-icon-box\">\n\t\t\t\t\t\t\t\t\t\t\t\t\t\t<span class=\"wpr-title-icon\">\n\t\t\t\t\t<svg aria-hidden=\"true\" class=\"e-font-icon-svg e-fas-search-location\" viewBox=\"0 0 512 512\" xmlns=\"http:\/\/www.w3.org\/2000\/svg\"><path d=\"M505.04 442.66l-99.71-99.69c-4.5-4.5-10.6-7-17-7h-16.3c27.6-35.3 44-79.69 44-127.99C416.03 93.09 322.92 0 208.02 0S0 93.09 0 207.98s93.11 207.98 208.02 207.98c48.3 0 92.71-16.4 128.01-44v16.3c0 6.4 2.5 12.5 7 17l99.71 99.69c9.4 9.4 24.6 9.4 33.9 0l28.3-28.3c9.4-9.4 9.4-24.59.1-33.99zm-297.02-90.7c-79.54 0-144-64.34-144-143.98 0-79.53 64.35-143.98 144-143.98 79.54 0 144 64.34 144 143.98 0 79.53-64.35 143.98-144 143.98zm.02-239.96c-40.78 0-73.84 33.05-73.84 73.83 0 32.96 48.26 93.05 66.75 114.86a9.24 9.24 0 0 0 14.18 0c18.49-21.81 66.75-81.89 66.75-114.86 0-40.78-33.06-73.83-73.84-73.83zm0 96c-13.26 0-24-10.75-24-24 0-13.26 10.75-24 24-24s24 10.74 24 24c0 13.25-10.75 24-24 24z\"><\/path><\/svg>\t\t\t\t<\/span>\n\t\t\t\t\t\t\t\t\t\t\t\t<\/div>\n\t\t\t\t\t\t\t\t\n\t\t\t\t\t\t\t\t<span class=\"wpr-acc-title-text\">Abordagem Acad\u00eamica<\/span>\n\t\t\t\t\t\t\t<\/span>\n\t\t\t\t\t\t\t\t\t\t\t<span class=\"wpr-toggle-icon wpr-ti-close\"><svg aria-hidden=\"true\" class=\"e-font-icon-svg e-fas-plus\" viewBox=\"0 0 448 512\" xmlns=\"http:\/\/www.w3.org\/2000\/svg\"><path d=\"M416 208H272V64c0-17.67-14.33-32-32-32h-32c-17.67 0-32 14.33-32 32v144H32c-17.67 0-32 14.33-32 32v32c0 17.67 14.33 32 32 32h144v144c0 17.67 14.33 32 32 32h32c17.67 0 32-14.33 32-32V304h144c17.67 0 32-14.33 32-32v-32c0-17.67-14.33-32-32-32z\"><\/path><\/svg><\/span>\n\t\t\t\t<span class=\"wpr-toggle-icon wpr-ti-open\"><svg aria-hidden=\"true\" class=\"e-font-icon-svg e-fas-minus\" viewBox=\"0 0 448 512\" xmlns=\"http:\/\/www.w3.org\/2000\/svg\"><path d=\"M416 208H32c-17.67 0-32 14.33-32 32v32c0 17.67 14.33 32 32 32h384c17.67 0 32-14.33 32-32v-32c0-17.67-14.33-32-32-32z\"><\/path><\/svg><\/span>\n\t\t\t\t\t\t\t\t\t<\/button>\n\n\t\t\t\t\t\t<div class=\"wpr-acc-panel\">\n\t\t\t\t\t\t\t\t\t\t\t\t\t\t\t<div class=\"wpr-acc-panel-content\"><p>Oferecemos uma ampla gama de m\u00f3dulos adaptados para atender \u00e0s necessidades em constante evolu\u00e7\u00e3o do setor agr\u00edcola.<\/p><p><span style=\"text-decoration: underline;\"><strong>Nosso Programa Principal:<\/strong><\/span><\/p><p>- Diploma em Agricultura Sustent\u00e1vel<\/p><p><strong>Por que nos Escolher?<\/strong><\/p><ul><li><strong>Corpo Docente Especializado:<\/strong> Aprenda com educadores experientes e profissionais da ind\u00fastria comprometidos com o seu sucesso.<\/li><li><strong>Aprendizado Pr\u00e1tico:<\/strong> Ganhe experi\u00eancia pr\u00e1tica por meio de trabalhos de campo, est\u00e1gios e acesso \u00e0s nossas fazendas demonstrativas.<\/li><li>Pesquisa de Ponta: Engaje-se em pesquisas que abordam desafios agr\u00edcolas e promovem pr\u00e1ticas sustent\u00e1veis.<\/li><li><strong>Impacto Comunit\u00e1rio:<\/strong> Colabore com agricultores locais e comunidades para implementar solu\u00e7\u00f5es que melhorem a produtividade agr\u00edcola e a seguran\u00e7a alimentar.<\/li><\/ul><p><span style=\"text-decoration: underline;\"><strong>Pesquisa e Inova\u00e7\u00e3o<\/strong><\/span><\/p><p>Na Escola de Agricultura do IMPTN, priorizamos pesquisas que avan\u00e7am o conhecimento agr\u00edcola e promovem a inova\u00e7\u00e3o. Nossos professores e alunos est\u00e3o envolvidos ativamente em projetos que melhoram o rendimento das culturas, promovem t\u00e9cnicas de cultivo sustent\u00e1veis e abordam a sustentabilidade ambiental.<\/p><p><strong><span style=\"text-decoration: underline;\">Engajamento Comunit\u00e1rio<\/span><\/strong><\/p><p>Acreditamos no poder da agricultura para transformar comunidades. Atrav\u00e9s de programas de extens\u00e3o, workshops e parcerias com partes interessadas locais, melhoramos o sustento e fomentamos o crescimento econ\u00f4mico em \u00e1reas rurais.<\/p><p><strong>Admiss\u00f5es<\/strong><\/p><p>Est\u00e1 pronto para embarcar em uma jornada gratificante na agricultura? Explore nosso processo de admiss\u00e3o e inicie seu caminho para uma carreira significativa na ind\u00fastria agr\u00edcola. Recebemos alunos apaixonados por criar um futuro sustent\u00e1vel atrav\u00e9s da agricultura.<\/p><p><span style=\"text-decoration: underline;\"><strong>Entre em Contacto<\/strong><\/span><\/p><p>Tem perguntas ou deseja saber mais sobre a Escola de Agricultura do IMPTN? Nossa equipe dedicada est\u00e1 aqui para ajudar. Entre em contato hoje mesmo para agendar uma visita ou para obter informa\u00e7\u00f5es sobre nossos programas e como eles podem se alinhar aos seus objetivos de carreira.<\/p><p>Junte-se \u00e0 Escola de Agricultura do IMPTN e fa\u00e7a parte de uma comunidade comprometida em moldar o futuro da agricultura atrav\u00e9s da educa\u00e7\u00e3o, pesquisa e inova\u00e7\u00e3o.<\/p><\/div>\n\t\t\t\t\t\t\t\t\t\t\t\t\t<\/div>\n                    <\/div>\n\n                            <\/div>\n        \t\t\t\t<\/div>\n\t\t\t\t<\/div>\n\t\t\t\t<\/div>\n\t\t\t\t<\/div>\n\t\t","protected":false},"excerpt":{"rendered":"<p>Bem-vindo \u00e0 Escola de Agricultura do IMPTN Seja bem-vindo \u00e0 Escola de Agricultura em Njerenje, onde cultivamos conhecimento, inova\u00e7\u00e3o e pr\u00e1ticas sustent\u00e1veis para moldar o futuro da agricultura. Localizada entre as terras f\u00e9rteis de Njerenje, nossa institui\u00e7\u00e3o \u00e9 dedicada a equipar os alunos com as habilidades e expertise necess\u00e1rias para enfrentar os desafios agr\u00edcolas globais. Nossa Miss\u00e3o Nossa miss\u00e3o \u00e9 educar e capacitar a pr\u00f3xima gera\u00e7\u00e3o de l\u00edderes agr\u00edcolas que impulsionar\u00e3o mudan\u00e7as positivas nas pr\u00e1ticas agr\u00edcolas, seguran\u00e7a alimentar e desenvolvimento rural. Enfatizamos a excel\u00eancia na educa\u00e7\u00e3o, pesquisa e envolvimento comunit\u00e1rio para promover sistemas agr\u00edcolas sustent\u00e1veis. Abordagem Acad\u00eamica Oferecemos uma ampla gama de m\u00f3dulos adaptados para atender \u00e0s necessidades em constante evolu\u00e7\u00e3o do setor agr\u00edcola. Nosso Programa Principal: &#8211; Diploma em Agricultura Sustent\u00e1vel Por que nos Escolher? Corpo Docente Especializado: Aprenda com educadores experientes e profissionais da ind\u00fastria comprometidos com o seu sucesso. Aprendizado Pr\u00e1tico: Ganhe experi\u00eancia pr\u00e1tica por meio de trabalhos de campo, est\u00e1gios e acesso \u00e0s nossas fazendas demonstrativas. Pesquisa de Ponta: Engaje-se em pesquisas que abordam desafios agr\u00edcolas e promovem pr\u00e1ticas sustent\u00e1veis. Impacto Comunit\u00e1rio: Colabore com agricultores locais e comunidades para implementar solu\u00e7\u00f5es que melhorem a produtividade agr\u00edcola e a seguran\u00e7a alimentar. Pesquisa e Inova\u00e7\u00e3o Na Escola de Agricultura do IMPTN, priorizamos pesquisas que avan\u00e7am o conhecimento agr\u00edcola e promovem a inova\u00e7\u00e3o. Nossos professores e alunos est\u00e3o envolvidos ativamente em projetos que melhoram o rendimento das culturas, promovem t\u00e9cnicas de cultivo sustent\u00e1veis e abordam a sustentabilidade ambiental. Engajamento Comunit\u00e1rio Acreditamos no poder da agricultura para transformar comunidades. Atrav\u00e9s de programas de extens\u00e3o, workshops e parcerias com partes interessadas locais, melhoramos o sustento e fomentamos o crescimento econ\u00f4mico em \u00e1reas rurais. Admiss\u00f5es Est\u00e1 pronto para embarcar em uma jornada gratificante na agricultura? Explore nosso processo de admiss\u00e3o e inicie seu caminho para uma carreira significativa na ind\u00fastria agr\u00edcola. Recebemos alunos apaixonados por criar um futuro sustent\u00e1vel atrav\u00e9s da agricultura. Entre em Contacto Tem perguntas ou deseja saber mais sobre a Escola de Agricultura do IMPTN? Nossa equipe dedicada est\u00e1 aqui para ajudar. Entre em contato hoje mesmo para agendar uma visita ou para obter informa\u00e7\u00f5es sobre nossos programas e como eles podem se alinhar aos seus objetivos de carreira. Junte-se \u00e0 Escola de Agricultura do IMPTN e fa\u00e7a parte de uma comunidade comprometida em moldar o futuro da agricultura atrav\u00e9s da educa\u00e7\u00e3o, pesquisa e inova\u00e7\u00e3o.<\/p>\n","protected":false},"author":1,"featured_media":0,"parent":0,"menu_order":0,"comment_status":"closed","ping_status":"closed","template":"","meta":{"site-sidebar-layout":"no-sidebar","site-content-layout":"page-builder","ast-site-content-layout":"full-width-container","site-content-style":"default","site-sidebar-style":"default","ast-global-header-display":"","ast-banner-title-visibility":"","ast-main-header-display":"","ast-hfb-above-header-display":"","ast-hfb-below-header-display":"","ast-hfb-mobile-header-display":"","site-post-title":"disabled","ast-breadcrumbs-content":"","ast-featured-img":"disabled","footer-sml-layout":"","ast-disable-related-posts":"","theme-transparent-header-meta":"","adv-header-id-meta":"","stick-header-meta":"","header-above-stick-meta":"","header-main-stick-meta":"","header-below-stick-meta":"","astra-migrate-meta-layouts":"set","ast-page-background-enabled":"default","ast-page-background-meta":{"desktop":{"background-color":"var(--ast-global-color-4)","background-image":"","background-repeat":"repeat","background-position":"center center","background-size":"auto","background-attachment":"scroll","background-type":"","background-media":"","overlay-type":"","overlay-color":"","overlay-opacity":"","overlay-gradient":""},"tablet":{"background-color":"","background-image":"","background-repeat":"repeat","background-position":"center center","background-size":"auto","background-attachment":"scroll","background-type":"","background-media":"","overlay-type":"","overlay-color":"","overlay-opacity":"","overlay-gradient":""},"mobile":{"background-color":"","background-image":"","background-repeat":"repeat","background-position":"center center","background-size":"auto","background-attachment":"scroll","background-type":"","background-media":"","overlay-type":"","overlay-color":"","overlay-opacity":"","overlay-gradient":""}},"ast-content-background-meta":{"desktop":{"background-color":"var(--ast-global-color-5)","background-image":"","background-repeat":"repeat","background-position":"center center","background-size":"auto","background-attachment":"scroll","background-type":"","background-media":"","overlay-type":"","overlay-color":"","overlay-opacity":"","overlay-gradient":""},"tablet":{"background-color":"var(--ast-global-color-5)","background-image":"","background-repeat":"repeat","background-position":"center center","background-size":"auto","background-attachment":"scroll","background-type":"","background-media":"","overlay-type":"","overlay-color":"","overlay-opacity":"","overlay-gradient":""},"mobile":{"background-color":"var(--ast-global-color-5)","background-image":"","background-repeat":"repeat","background-position":"center center","background-size":"auto","background-attachment":"scroll","background-type":"","background-media":"","overlay-type":"","overlay-color":"","overlay-opacity":"","overlay-gradient":""}},"footnotes":""},"class_list":["post-2387","page","type-page","status-publish","hentry"],"_links":{"self":[{"href":"https:\/\/globalaidmissions.com\/index.php\/wp-json\/wp\/v2\/pages\/2387","targetHints":{"allow":["GET"]}}],"collection":[{"href":"https:\/\/globalaidmissions.com\/index.php\/wp-json\/wp\/v2\/pages"}],"about":[{"href":"https:\/\/globalaidmissions.com\/index.php\/wp-json\/wp\/v2\/types\/page"}],"author":[{"embeddable":true,"href":"https:\/\/globalaidmissions.com\/index.php\/wp-json\/wp\/v2\/users\/1"}],"replies":[{"embeddable":true,"href":"https:\/\/globalaidmissions.com\/index.php\/wp-json\/wp\/v2\/comments?post=2387"}],"version-history":[{"count":4,"href":"https:\/\/globalaidmissions.com\/index.php\/wp-json\/wp\/v2\/pages\/2387\/revisions"}],"predecessor-version":[{"id":2391,"href":"https:\/\/globalaidmissions.com\/index.php\/wp-json\/wp\/v2\/pages\/2387\/revisions\/2391"}],"wp:attachment":[{"href":"https:\/\/globalaidmissions.com\/index.php\/wp-json\/wp\/v2\/media?parent=2387"}],"curies":[{"name":"wp","href":"https:\/\/api.w.org\/{rel}","templated":true}]}}