{"id":2550,"date":"2024-10-29T08:23:27","date_gmt":"2024-10-29T08:23:27","guid":{"rendered":"https:\/\/globalaidmissions.com\/?page_id=2550"},"modified":"2024-10-29T08:27:28","modified_gmt":"2024-10-29T08:27:28","slug":"ambiente-de-aprendizagemsoalpo","status":"publish","type":"page","link":"https:\/\/globalaidmissions.com\/index.php\/ambiente-de-aprendizagemsoalpo\/","title":{"rendered":"Ambiente de Aprendizagem(SoALPO)"},"content":{"rendered":"\t\t<div data-elementor-type=\"wp-page\" data-elementor-id=\"2550\" class=\"elementor elementor-2550\">\n\t\t\t\t\t\t<section class=\"elementor-section elementor-top-section elementor-element elementor-element-fbc648d elementor-section-boxed elementor-section-height-default elementor-section-height-default wpr-particle-no wpr-jarallax-no wpr-parallax-no wpr-sticky-section-no wpr-equal-height-no\" data-id=\"fbc648d\" data-element_type=\"section\" data-e-type=\"section\">\n\t\t\t\t\t\t<div class=\"elementor-container elementor-column-gap-default\">\n\t\t\t\t\t<div class=\"elementor-column elementor-col-100 elementor-top-column elementor-element elementor-element-1740418\" data-id=\"1740418\" data-element_type=\"column\" data-e-type=\"column\">\n\t\t\t<div class=\"elementor-widget-wrap elementor-element-populated\">\n\t\t\t\t\t\t<section class=\"elementor-section elementor-inner-section elementor-element elementor-element-1b652ef elementor-reverse-tablet elementor-reverse-mobile elementor-section-boxed elementor-section-height-default elementor-section-height-default wpr-particle-no wpr-jarallax-no wpr-parallax-no wpr-sticky-section-no wpr-equal-height-no\" data-id=\"1b652ef\" data-element_type=\"section\" data-e-type=\"section\" data-settings=\"{&quot;background_background&quot;:&quot;classic&quot;}\">\n\t\t\t\t\t\t<div class=\"elementor-container elementor-column-gap-default\">\n\t\t\t\t\t<div class=\"elementor-column elementor-col-50 elementor-inner-column elementor-element elementor-element-5076151\" data-id=\"5076151\" data-element_type=\"column\" data-e-type=\"column\">\n\t\t\t<div class=\"elementor-widget-wrap elementor-element-populated\">\n\t\t\t\t\t\t<div class=\"elementor-element elementor-element-fe61316 elementor-widget elementor-widget-elementskit-heading\" data-id=\"fe61316\" data-element_type=\"widget\" data-e-type=\"widget\" data-widget_type=\"elementskit-heading.default\">\n\t\t\t\t<div class=\"elementor-widget-container\">\n\t\t\t\t\t<div class=\"ekit-wid-con\" ><div class=\"ekit-heading elementskit-section-title-wraper text_left   ekit_heading_tablet-   ekit_heading_mobile-\"><h3 class=\"elementskit-section-subtitle  elementskit-style-border\">\n\t\t\t\t\t\tAmbiente de Aprendizagem\n\t\t\t\t\t<\/h3>\t\t\t\t<div class='ekit-heading__description'>\n\t\t\t\t\t<p><strong>Ambiente de Aprendizagem<\/strong> No CEN Soalpo, orgulhamo-nos de proporcionar um ambiente de aprendizagem de excel\u00eancia que inspira e facilita a excel\u00eancia acad\u00e9mica. As nossas salas de aula est\u00e3o equipadas com comodidades modernas, incluindo ar condicionado, garantindo uma atmosfera confort\u00e1vel e prop\u00edcia para a aprendizagem focada. Situado num cen\u00e1rio sereno, o nosso campus oferece uma ambi\u00eancia tranquila que favorece a concentra\u00e7\u00e3o profunda e a criatividade.<\/p>\n<p>Um ambiente de aprendizagem positivo desempenha um papel crucial no sucesso dos alunos. Para al\u00e9m das instala\u00e7\u00f5es confort\u00e1veis, o nosso compromisso com a excel\u00eancia estende-se \u00e0 cria\u00e7\u00e3o de espa\u00e7os que promovem a colabora\u00e7\u00e3o, o pensamento cr\u00edtico e o crescimento pessoal. Quer seja em ambientes internos ou externos, os alunos do CEN Soalpo beneficiam de um ambiente que encoraja a explora\u00e7\u00e3o, a inova\u00e7\u00e3o e uma paix\u00e3o pela aprendizagem ao longo da vida.<\/p>\n<p>Junte-se a n\u00f3s na busca pela excel\u00eancia acad\u00e9mica num ambiente que nutre o desenvolvimento intelectual e pessoal. Experimente em primeira m\u00e3o como as nossas instala\u00e7\u00f5es de \u00faltima gera\u00e7\u00e3o e os arredores serenos contribuem para uma jornada educativa gratificante no CEN Soalpo.<\/p>\n\t\t\t\t<\/div>\n\t\t\t<\/div><\/div>\t\t\t\t<\/div>\n\t\t\t\t<\/div>\n\t\t\t\t\t<\/div>\n\t\t<\/div>\n\t\t\t\t<div class=\"elementor-column elementor-col-50 elementor-inner-column elementor-element elementor-element-d61112f\" data-id=\"d61112f\" data-element_type=\"column\" data-e-type=\"column\">\n\t\t\t<div class=\"elementor-widget-wrap elementor-element-populated\">\n\t\t\t\t\t\t<div class=\"elementor-element elementor-element-706bbeb elementor-widget elementor-widget-image\" data-id=\"706bbeb\" data-element_type=\"widget\" data-e-type=\"widget\" data-widget_type=\"image.default\">\n\t\t\t\t<div class=\"elementor-widget-container\">\n\t\t\t\t\t\t\t\t\t\t\t\t\t\t\t<img decoding=\"async\" src=\"https:\/\/globalaidmissions.com\/wp-content\/uploads\/2024\/09\/IMG_0285-1.jpg\" title=\"\" alt=\"\" loading=\"lazy\" \/>\t\t\t\t\t\t\t\t\t\t\t\t\t\t\t<\/div>\n\t\t\t\t<\/div>\n\t\t\t\t\t<\/div>\n\t\t<\/div>\n\t\t\t\t\t<\/div>\n\t\t<\/section>\n\t\t\t\t\t<\/div>\n\t\t<\/div>\n\t\t\t\t\t<\/div>\n\t\t<\/section>\n\t\t\t\t<\/div>\n\t\t","protected":false},"excerpt":{"rendered":"<p>Ambiente de Aprendizagem Ambiente de Aprendizagem No CEN Soalpo, orgulhamo-nos de proporcionar um ambiente de aprendizagem de excel\u00eancia que inspira e facilita a excel\u00eancia acad\u00e9mica. As nossas salas de aula est\u00e3o equipadas com comodidades modernas, incluindo ar condicionado, garantindo uma atmosfera confort\u00e1vel e prop\u00edcia para a aprendizagem focada. Situado num cen\u00e1rio sereno, o nosso campus oferece uma ambi\u00eancia tranquila que favorece a concentra\u00e7\u00e3o profunda e a criatividade. Um ambiente de aprendizagem positivo desempenha um papel crucial no sucesso dos alunos. Para al\u00e9m das instala\u00e7\u00f5es confort\u00e1veis, o nosso compromisso com a excel\u00eancia estende-se \u00e0 cria\u00e7\u00e3o de espa\u00e7os que promovem a colabora\u00e7\u00e3o, o pensamento cr\u00edtico e o crescimento pessoal. Quer seja em ambientes internos ou externos, os alunos do CEN Soalpo beneficiam de um ambiente que encoraja a explora\u00e7\u00e3o, a inova\u00e7\u00e3o e uma paix\u00e3o pela aprendizagem ao longo da vida. Junte-se a n\u00f3s na busca pela excel\u00eancia acad\u00e9mica num ambiente que nutre o desenvolvimento intelectual e pessoal. Experimente em primeira m\u00e3o como as nossas instala\u00e7\u00f5es de \u00faltima gera\u00e7\u00e3o e os arredores serenos contribuem para uma jornada educativa gratificante no CEN Soalpo.<\/p>\n","protected":false},"author":1,"featured_media":0,"parent":0,"menu_order":0,"comment_status":"closed","ping_status":"closed","template":"","meta":{"site-sidebar-layout":"no-sidebar","site-content-layout":"page-builder","ast-site-content-layout":"full-width-container","site-content-style":"default","site-sidebar-style":"default","ast-global-header-display":"","ast-banner-title-visibility":"","ast-main-header-display":"","ast-hfb-above-header-display":"","ast-hfb-below-header-display":"","ast-hfb-mobile-header-display":"","site-post-title":"disabled","ast-breadcrumbs-content":"","ast-featured-img":"disabled","footer-sml-layout":"","ast-disable-related-posts":"","theme-transparent-header-meta":"","adv-header-id-meta":"","stick-header-meta":"","header-above-stick-meta":"","header-main-stick-meta":"","header-below-stick-meta":"","astra-migrate-meta-layouts":"set","ast-page-background-enabled":"default","ast-page-background-meta":{"desktop":{"background-color":"var(--ast-global-color-4)","background-image":"","background-repeat":"repeat","background-position":"center center","background-size":"auto","background-attachment":"scroll","background-type":"","background-media":"","overlay-type":"","overlay-color":"","overlay-opacity":"","overlay-gradient":""},"tablet":{"background-color":"","background-image":"","background-repeat":"repeat","background-position":"center center","background-size":"auto","background-attachment":"scroll","background-type":"","background-media":"","overlay-type":"","overlay-color":"","overlay-opacity":"","overlay-gradient":""},"mobile":{"background-color":"","background-image":"","background-repeat":"repeat","background-position":"center center","background-size":"auto","background-attachment":"scroll","background-type":"","background-media":"","overlay-type":"","overlay-color":"","overlay-opacity":"","overlay-gradient":""}},"ast-content-background-meta":{"desktop":{"background-color":"var(--ast-global-color-5)","background-image":"","background-repeat":"repeat","background-position":"center center","background-size":"auto","background-attachment":"scroll","background-type":"","background-media":"","overlay-type":"","overlay-color":"","overlay-opacity":"","overlay-gradient":""},"tablet":{"background-color":"var(--ast-global-color-5)","background-image":"","background-repeat":"repeat","background-position":"center center","background-size":"auto","background-attachment":"scroll","background-type":"","background-media":"","overlay-type":"","overlay-color":"","overlay-opacity":"","overlay-gradient":""},"mobile":{"background-color":"var(--ast-global-color-5)","background-image":"","background-repeat":"repeat","background-position":"center center","background-size":"auto","background-attachment":"scroll","background-type":"","background-media":"","overlay-type":"","overlay-color":"","overlay-opacity":"","overlay-gradient":""}},"footnotes":""},"class_list":["post-2550","page","type-page","status-publish","hentry"],"_links":{"self":[{"href":"https:\/\/globalaidmissions.com\/index.php\/wp-json\/wp\/v2\/pages\/2550","targetHints":{"allow":["GET"]}}],"collection":[{"href":"https:\/\/globalaidmissions.com\/index.php\/wp-json\/wp\/v2\/pages"}],"about":[{"href":"https:\/\/globalaidmissions.com\/index.php\/wp-json\/wp\/v2\/types\/page"}],"author":[{"embeddable":true,"href":"https:\/\/globalaidmissions.com\/index.php\/wp-json\/wp\/v2\/users\/1"}],"replies":[{"embeddable":true,"href":"https:\/\/globalaidmissions.com\/index.php\/wp-json\/wp\/v2\/comments?post=2550"}],"version-history":[{"count":7,"href":"https:\/\/globalaidmissions.com\/index.php\/wp-json\/wp\/v2\/pages\/2550\/revisions"}],"predecessor-version":[{"id":2557,"href":"https:\/\/globalaidmissions.com\/index.php\/wp-json\/wp\/v2\/pages\/2550\/revisions\/2557"}],"wp:attachment":[{"href":"https:\/\/globalaidmissions.com\/index.php\/wp-json\/wp\/v2\/media?parent=2550"}],"curies":[{"name":"wp","href":"https:\/\/api.w.org\/{rel}","templated":true}]}}