{"id":2568,"date":"2024-10-29T08:41:58","date_gmt":"2024-10-29T08:41:58","guid":{"rendered":"https:\/\/globalaidmissions.com\/?page_id=2568"},"modified":"2024-10-29T08:44:02","modified_gmt":"2024-10-29T08:44:02","slug":"biblioteca-soalpo","status":"publish","type":"page","link":"https:\/\/globalaidmissions.com\/index.php\/biblioteca-soalpo\/","title":{"rendered":"Biblioteca Soalpo"},"content":{"rendered":"\t\t<div data-elementor-type=\"wp-page\" data-elementor-id=\"2568\" class=\"elementor elementor-2568\">\n\t\t\t\t<div class=\"elementor-element elementor-element-2b53e9c e-flex e-con-boxed wpr-particle-no wpr-jarallax-no wpr-parallax-no wpr-sticky-section-no wpr-equal-height-no e-con e-parent\" data-id=\"2b53e9c\" data-element_type=\"container\" data-e-type=\"container\">\n\t\t\t\t\t<div class=\"e-con-inner\">\n\t\t\t\t<div class=\"elementor-element elementor-element-c2ed9a2 elementor-widget elementor-widget-image\" data-id=\"c2ed9a2\" data-element_type=\"widget\" data-e-type=\"widget\" data-widget_type=\"image.default\">\n\t\t\t\t<div class=\"elementor-widget-container\">\n\t\t\t\t\t\t\t\t\t\t\t\t\t\t\t<img decoding=\"async\" src=\"https:\/\/globalaidmissions.com\/wp-content\/uploads\/2024\/09\/IMG_0198.jpg\" title=\"\" alt=\"\" class=\"elementor-animation-float\" loading=\"lazy\" \/>\t\t\t\t\t\t\t\t\t\t\t\t\t\t\t<\/div>\n\t\t\t\t<\/div>\n\t\t\t\t\t<\/div>\n\t\t\t\t<\/div>\n\t\t<div class=\"elementor-element elementor-element-afe12ca e-transform e-flex e-con-boxed wpr-particle-no wpr-jarallax-no wpr-parallax-no wpr-sticky-section-no wpr-equal-height-no e-con e-parent\" data-id=\"afe12ca\" data-element_type=\"container\" data-e-type=\"container\" data-settings=\"{&quot;background_background&quot;:&quot;classic&quot;,&quot;_transform_translateX_effect_hover&quot;:{&quot;unit&quot;:&quot;px&quot;,&quot;size&quot;:31,&quot;sizes&quot;:[]},&quot;_transform_translateY_effect_hover&quot;:{&quot;unit&quot;:&quot;px&quot;,&quot;size&quot;:24,&quot;sizes&quot;:[]},&quot;_transform_translateX_effect_hover_tablet&quot;:{&quot;unit&quot;:&quot;px&quot;,&quot;size&quot;:&quot;&quot;,&quot;sizes&quot;:[]},&quot;_transform_translateX_effect_hover_mobile&quot;:{&quot;unit&quot;:&quot;px&quot;,&quot;size&quot;:&quot;&quot;,&quot;sizes&quot;:[]},&quot;_transform_translateY_effect_hover_tablet&quot;:{&quot;unit&quot;:&quot;px&quot;,&quot;size&quot;:&quot;&quot;,&quot;sizes&quot;:[]},&quot;_transform_translateY_effect_hover_mobile&quot;:{&quot;unit&quot;:&quot;px&quot;,&quot;size&quot;:&quot;&quot;,&quot;sizes&quot;:[]}}\">\n\t\t\t\t\t<div class=\"e-con-inner\">\n\t\t<div class=\"elementor-element elementor-element-de02175 e-con-full e-flex wpr-particle-no wpr-jarallax-no wpr-parallax-no wpr-sticky-section-no wpr-equal-height-no e-con e-child\" data-id=\"de02175\" data-element_type=\"container\" data-e-type=\"container\">\n\t\t\t\t<div class=\"elementor-element elementor-element-9b8d92c elementor-icon-list--layout-traditional elementor-list-item-link-full_width elementor-widget elementor-widget-icon-list\" data-id=\"9b8d92c\" data-element_type=\"widget\" data-e-type=\"widget\" data-widget_type=\"icon-list.default\">\n\t\t\t\t<div class=\"elementor-widget-container\">\n\t\t\t\t\t\t\t<ul class=\"elementor-icon-list-items\">\n\t\t\t\t\t\t\t<li class=\"elementor-icon-list-item\">\n\t\t\t\t\t\t\t\t\t\t\t<span class=\"elementor-icon-list-icon\">\n\t\t\t\t\t\t\t<svg aria-hidden=\"true\" class=\"e-font-icon-svg e-fas-award\" viewBox=\"0 0 384 512\" xmlns=\"http:\/\/www.w3.org\/2000\/svg\"><path d=\"M97.12 362.63c-8.69-8.69-4.16-6.24-25.12-11.85-9.51-2.55-17.87-7.45-25.43-13.32L1.2 448.7c-4.39 10.77 3.81 22.47 15.43 22.03l52.69-2.01L105.56 507c8 8.44 22.04 5.81 26.43-4.96l52.05-127.62c-10.84 6.04-22.87 9.58-35.31 9.58-19.5 0-37.82-7.59-51.61-21.37zM382.8 448.7l-45.37-111.24c-7.56 5.88-15.92 10.77-25.43 13.32-21.07 5.64-16.45 3.18-25.12 11.85-13.79 13.78-32.12 21.37-51.62 21.37-12.44 0-24.47-3.55-35.31-9.58L252 502.04c4.39 10.77 18.44 13.4 26.43 4.96l36.25-38.28 52.69 2.01c11.62.44 19.82-11.27 15.43-22.03zM263 340c15.28-15.55 17.03-14.21 38.79-20.14 13.89-3.79 24.75-14.84 28.47-28.98 7.48-28.4 5.54-24.97 25.95-45.75 10.17-10.35 14.14-25.44 10.42-39.58-7.47-28.38-7.48-24.42 0-52.83 3.72-14.14-.25-29.23-10.42-39.58-20.41-20.78-18.47-17.36-25.95-45.75-3.72-14.14-14.58-25.19-28.47-28.98-27.88-7.61-24.52-5.62-44.95-26.41-10.17-10.35-25-14.4-38.89-10.61-27.87 7.6-23.98 7.61-51.9 0-13.89-3.79-28.72.25-38.89 10.61-20.41 20.78-17.05 18.8-44.94 26.41-13.89 3.79-24.75 14.84-28.47 28.98-7.47 28.39-5.54 24.97-25.95 45.75-10.17 10.35-14.15 25.44-10.42 39.58 7.47 28.36 7.48 24.4 0 52.82-3.72 14.14.25 29.23 10.42 39.59 20.41 20.78 18.47 17.35 25.95 45.75 3.72 14.14 14.58 25.19 28.47 28.98C104.6 325.96 106.27 325 121 340c13.23 13.47 33.84 15.88 49.74 5.82a39.676 39.676 0 0 1 42.53 0c15.89 10.06 36.5 7.65 49.73-5.82zM97.66 175.96c0-53.03 42.24-96.02 94.34-96.02s94.34 42.99 94.34 96.02-42.24 96.02-94.34 96.02-94.34-42.99-94.34-96.02z\"><\/path><\/svg>\t\t\t\t\t\t<\/span>\n\t\t\t\t\t\t\t\t\t\t<span class=\"elementor-icon-list-text\">ENSINO GERAL SOALPO<\/span>\n\t\t\t\t\t\t\t\t\t<\/li>\n\t\t\t\t\t\t<\/ul>\n\t\t\t\t\t\t<\/div>\n\t\t\t\t<\/div>\n\t\t\t\t<div class=\"elementor-element elementor-element-91b02fa elementor-widget elementor-widget-icon-box\" data-id=\"91b02fa\" data-element_type=\"widget\" data-e-type=\"widget\" data-widget_type=\"icon-box.default\">\n\t\t\t\t<div class=\"elementor-widget-container\">\n\t\t\t\t\t\t\t<div class=\"elementor-icon-box-wrapper\">\n\n\t\t\t\n\t\t\t\t\t\t<div class=\"elementor-icon-box-content\">\n\n\t\t\t\t\t\t\t\t\t<h2 class=\"elementor-icon-box-title\">\n\t\t\t\t\t\t<span  >\n\t\t\t\t\t\t\tBiblioteca\t\t\t\t\t\t<\/span>\n\t\t\t\t\t<\/h2>\n\t\t\t\t\n\t\t\t\t\n\t\t\t<\/div>\n\t\t\t\n\t\t<\/div>\n\t\t\t\t\t\t<\/div>\n\t\t\t\t<\/div>\n\t\t\t\t<div class=\"elementor-element elementor-element-0494541 elementor-invisible elementor-widget elementor-widget-text-editor\" data-id=\"0494541\" data-element_type=\"widget\" data-e-type=\"widget\" data-settings=\"{&quot;_animation&quot;:&quot;fadeInRight&quot;}\" data-widget_type=\"text-editor.default\">\n\t\t\t\t<div class=\"elementor-widget-container\">\n\t\t\t\t\t\t\t\t\t<p>No Ensino Geral Soalpo, orgulhamo-nos da nossa biblioteca bem equipada, meticulosamente selecionada para apoiar a excel\u00eancia acad\u00e9mica e a investiga\u00e7\u00e3o. A nossa biblioteca \u00e9 um centro vibrante onde estudantes, educadores e investigadores podem aceder a uma variedade de livros, revistas, recursos digitais e materiais multim\u00e9dia.<\/p><p>Quer esteja a explorar literatura, descobrir avan\u00e7os cient\u00edficos ou realizar pesquisas para projetos acad\u00e9micos, a nossa biblioteca proporciona um ambiente prop\u00edcio para aprendizagem e descoberta. Com \u00e1reas confort\u00e1veis para leitura, espa\u00e7os tranquilos de estudo e uma infraestrutura tecnol\u00f3gica moderna, os estudantes podem envolver-se em estudo independente ou sess\u00f5es de aprendizagem colaborativa.<\/p><p>Os nossos bibliotec\u00e1rios dedicados est\u00e3o empenhados em ajudar os estudantes a navegar eficazmente pelos recursos, promovendo compet\u00eancias de literacia da informa\u00e7\u00e3o e incentivando o gosto pela leitura e pela aprendizagem ao longo da vida. Al\u00e9m dos materiais impressos tradicionais, a nossa biblioteca oferece acesso a bases de dados online e e-books, garantindo que a nossa comunidade acad\u00e9mica se mantenha atualizada com os \u00faltimos desenvolvimentos em diversas \u00e1reas de estudo.<\/p><p>Junte-se a n\u00f3s na Ensino Geral Soalpo e explore as oportunidades enriquecedoras da nossa biblioteca para expandir o seu conhecimento, melhorar a sua jornada acad\u00e9mica e preparar-se para futuros desafios num ambiente de suporte e est\u00edmulo intelectual.<\/p>\t\t\t\t\t\t\t\t<\/div>\n\t\t\t\t<\/div>\n\t\t\t\t<\/div>\n\t\t\t\t\t<\/div>\n\t\t\t\t<\/div>\n\t\t\t\t<\/div>\n\t\t","protected":false},"excerpt":{"rendered":"<p>ENSINO GERAL SOALPO Biblioteca No Ensino Geral Soalpo, orgulhamo-nos da nossa biblioteca bem equipada, meticulosamente selecionada para apoiar a excel\u00eancia acad\u00e9mica e a investiga\u00e7\u00e3o. A nossa biblioteca \u00e9 um centro vibrante onde estudantes, educadores e investigadores podem aceder a uma variedade de livros, revistas, recursos digitais e materiais multim\u00e9dia. Quer esteja a explorar literatura, descobrir avan\u00e7os cient\u00edficos ou realizar pesquisas para projetos acad\u00e9micos, a nossa biblioteca proporciona um ambiente prop\u00edcio para aprendizagem e descoberta. Com \u00e1reas confort\u00e1veis para leitura, espa\u00e7os tranquilos de estudo e uma infraestrutura tecnol\u00f3gica moderna, os estudantes podem envolver-se em estudo independente ou sess\u00f5es de aprendizagem colaborativa. Os nossos bibliotec\u00e1rios dedicados est\u00e3o empenhados em ajudar os estudantes a navegar eficazmente pelos recursos, promovendo compet\u00eancias de literacia da informa\u00e7\u00e3o e incentivando o gosto pela leitura e pela aprendizagem ao longo da vida. Al\u00e9m dos materiais impressos tradicionais, a nossa biblioteca oferece acesso a bases de dados online e e-books, garantindo que a nossa comunidade acad\u00e9mica se mantenha atualizada com os \u00faltimos desenvolvimentos em diversas \u00e1reas de estudo. Junte-se a n\u00f3s na Ensino Geral Soalpo e explore as oportunidades enriquecedoras da nossa biblioteca para expandir o seu conhecimento, melhorar a sua jornada acad\u00e9mica e preparar-se para futuros desafios num ambiente de suporte e est\u00edmulo intelectual.<\/p>\n","protected":false},"author":1,"featured_media":0,"parent":0,"menu_order":0,"comment_status":"closed","ping_status":"closed","template":"","meta":{"site-sidebar-layout":"no-sidebar","site-content-layout":"page-builder","ast-site-content-layout":"full-width-container","site-content-style":"default","site-sidebar-style":"default","ast-global-header-display":"","ast-banner-title-visibility":"","ast-main-header-display":"","ast-hfb-above-header-display":"","ast-hfb-below-header-display":"","ast-hfb-mobile-header-display":"","site-post-title":"disabled","ast-breadcrumbs-content":"","ast-featured-img":"disabled","footer-sml-layout":"","ast-disable-related-posts":"","theme-transparent-header-meta":"","adv-header-id-meta":"","stick-header-meta":"","header-above-stick-meta":"","header-main-stick-meta":"","header-below-stick-meta":"","astra-migrate-meta-layouts":"set","ast-page-background-enabled":"default","ast-page-background-meta":{"desktop":{"background-color":"var(--ast-global-color-4)","background-image":"","background-repeat":"repeat","background-position":"center center","background-size":"auto","background-attachment":"scroll","background-type":"","background-media":"","overlay-type":"","overlay-color":"","overlay-opacity":"","overlay-gradient":""},"tablet":{"background-color":"","background-image":"","background-repeat":"repeat","background-position":"center center","background-size":"auto","background-attachment":"scroll","background-type":"","background-media":"","overlay-type":"","overlay-color":"","overlay-opacity":"","overlay-gradient":""},"mobile":{"background-color":"","background-image":"","background-repeat":"repeat","background-position":"center center","background-size":"auto","background-attachment":"scroll","background-type":"","background-media":"","overlay-type":"","overlay-color":"","overlay-opacity":"","overlay-gradient":""}},"ast-content-background-meta":{"desktop":{"background-color":"var(--ast-global-color-5)","background-image":"","background-repeat":"repeat","background-position":"center center","background-size":"auto","background-attachment":"scroll","background-type":"","background-media":"","overlay-type":"","overlay-color":"","overlay-opacity":"","overlay-gradient":""},"tablet":{"background-color":"var(--ast-global-color-5)","background-image":"","background-repeat":"repeat","background-position":"center center","background-size":"auto","background-attachment":"scroll","background-type":"","background-media":"","overlay-type":"","overlay-color":"","overlay-opacity":"","overlay-gradient":""},"mobile":{"background-color":"var(--ast-global-color-5)","background-image":"","background-repeat":"repeat","background-position":"center center","background-size":"auto","background-attachment":"scroll","background-type":"","background-media":"","overlay-type":"","overlay-color":"","overlay-opacity":"","overlay-gradient":""}},"footnotes":""},"class_list":["post-2568","page","type-page","status-publish","hentry"],"_links":{"self":[{"href":"https:\/\/globalaidmissions.com\/index.php\/wp-json\/wp\/v2\/pages\/2568","targetHints":{"allow":["GET"]}}],"collection":[{"href":"https:\/\/globalaidmissions.com\/index.php\/wp-json\/wp\/v2\/pages"}],"about":[{"href":"https:\/\/globalaidmissions.com\/index.php\/wp-json\/wp\/v2\/types\/page"}],"author":[{"embeddable":true,"href":"https:\/\/globalaidmissions.com\/index.php\/wp-json\/wp\/v2\/users\/1"}],"replies":[{"embeddable":true,"href":"https:\/\/globalaidmissions.com\/index.php\/wp-json\/wp\/v2\/comments?post=2568"}],"version-history":[{"count":4,"href":"https:\/\/globalaidmissions.com\/index.php\/wp-json\/wp\/v2\/pages\/2568\/revisions"}],"predecessor-version":[{"id":2572,"href":"https:\/\/globalaidmissions.com\/index.php\/wp-json\/wp\/v2\/pages\/2568\/revisions\/2572"}],"wp:attachment":[{"href":"https:\/\/globalaidmissions.com\/index.php\/wp-json\/wp\/v2\/media?parent=2568"}],"curies":[{"name":"wp","href":"https:\/\/api.w.org\/{rel}","templated":true}]}}