{"id":2881,"date":"2024-10-30T09:47:19","date_gmt":"2024-10-30T09:47:19","guid":{"rendered":"https:\/\/globalaidmissions.com\/?page_id=2881"},"modified":"2024-10-30T10:00:43","modified_gmt":"2024-10-30T10:00:43","slug":"secretariado-do-imtpn","status":"publish","type":"page","link":"https:\/\/globalaidmissions.com\/index.php\/secretariado-do-imtpn\/","title":{"rendered":"Secretariado do IMTPN"},"content":{"rendered":"\t\t<div data-elementor-type=\"wp-page\" data-elementor-id=\"2881\" class=\"elementor elementor-2881\">\n\t\t\t\t<div class=\"elementor-element elementor-element-9500f6b e-flex e-con-boxed wpr-particle-no wpr-jarallax-no wpr-parallax-no wpr-sticky-section-no wpr-equal-height-no e-con e-parent\" data-id=\"9500f6b\" data-element_type=\"container\" data-e-type=\"container\">\n\t\t\t\t\t<div class=\"e-con-inner\">\n\t\t\t\t<div class=\"elementor-element elementor-element-3215c54 elementor-widget elementor-widget-heading\" data-id=\"3215c54\" data-element_type=\"widget\" data-e-type=\"widget\" data-widget_type=\"heading.default\">\n\t\t\t\t<div class=\"elementor-widget-container\">\n\t\t\t\t\t<h2 class=\"elementor-heading-title elementor-size-default\">Secretariado do IMTPN<\/h2>\t\t\t\t<\/div>\n\t\t\t\t<\/div>\n\t\t\t\t\t<\/div>\n\t\t\t\t<\/div>\n\t\t<div class=\"elementor-element elementor-element-4f72ef0 e-con-full e-flex wpr-particle-no wpr-jarallax-no wpr-parallax-no wpr-sticky-section-no wpr-equal-height-no e-con e-parent\" data-id=\"4f72ef0\" data-element_type=\"container\" data-e-type=\"container\">\n\t\t\t\t<div class=\"elementor-element elementor-element-27e3ff1 wpr-advanced-accordion-icon-side-box elementor-widget elementor-widget-wpr-advanced-accordion\" data-id=\"27e3ff1\" data-element_type=\"widget\" data-e-type=\"widget\" data-settings=\"{&quot;active_item&quot;:1}\" data-widget_type=\"wpr-advanced-accordion.default\">\n\t\t\t\t<div class=\"elementor-widget-container\">\n\t\t\t\t\t\n            <div class=\"wpr-advanced-accordion\" data-accordion-type=\"accordion\" data-active-index=\"1\" data-accordion-trigger=\"click\" data-interaction-speed=\"0.4\">\n\n\t\t\t\n                \n\t\t\t\t\t<div class=\"wpr-accordion-item-wrap\">\n\t\t\t\t\t\t<button class=\"wpr-acc-button\">\n\t\t\t\t\t\t\t<span class=\"wpr-acc-item-title\">\n\t\t\t\t\t\t\t\t\t\t\t\t\t\t\t\t\t<div class=\"wpr-acc-icon-box\">\n\t\t\t\t\t\t\t\t\t\t\t\t\t\t<span class=\"wpr-title-icon\">\n\t\t\t\t\t<i aria-hidden=\"true\" class=\"icon icon-Profile\"><\/i>\t\t\t\t<\/span>\n\t\t\t\t\t\t\t\t\t\t\t\t<\/div>\n\t\t\t\t\t\t\t\t\n\t\t\t\t\t\t\t\t<span class=\"wpr-acc-title-text\">Diretor: Dr. Philip Tapera<\/span>\n\t\t\t\t\t\t\t<\/span>\n\t\t\t\t\t\t\t\t\t\t\t<span class=\"wpr-toggle-icon wpr-ti-close\"><svg aria-hidden=\"true\" class=\"e-font-icon-svg e-fas-plus\" viewBox=\"0 0 448 512\" xmlns=\"http:\/\/www.w3.org\/2000\/svg\"><path d=\"M416 208H272V64c0-17.67-14.33-32-32-32h-32c-17.67 0-32 14.33-32 32v144H32c-17.67 0-32 14.33-32 32v32c0 17.67 14.33 32 32 32h144v144c0 17.67 14.33 32 32 32h32c17.67 0 32-14.33 32-32V304h144c17.67 0 32-14.33 32-32v-32c0-17.67-14.33-32-32-32z\"><\/path><\/svg><\/span>\n\t\t\t\t<span class=\"wpr-toggle-icon wpr-ti-open\"><svg aria-hidden=\"true\" class=\"e-font-icon-svg e-fas-minus\" viewBox=\"0 0 448 512\" xmlns=\"http:\/\/www.w3.org\/2000\/svg\"><path d=\"M416 208H32c-17.67 0-32 14.33-32 32v32c0 17.67 14.33 32 32 32h384c17.67 0 32-14.33 32-32v-32c0-17.67-14.33-32-32-32z\"><\/path><\/svg><\/span>\n\t\t\t\t\t\t\t\t\t<\/button>\n\n\t\t\t\t\t\t<div class=\"wpr-acc-panel\">\n\t\t\t\t\t\t\t\t\t\t\t\t\t\t\t<div class=\"wpr-acc-panel-content\"><p>Dr. Philip Tapera lidera o IMTPN com uma vis\u00e3o de excel\u00eancia em educa\u00e7\u00e3o t\u00e9cnica e profissional. Ele fornece lideran\u00e7a estrat\u00e9gica e supervisiona as opera\u00e7\u00f5es gerais da institui\u00e7\u00e3o.<\/p><\/div>\n\t\t\t\t\t\t\t\t\t\t\t\t\t<\/div>\n                    <\/div>\n\n                \n\t\t\t\t\t<div class=\"wpr-accordion-item-wrap\">\n\t\t\t\t\t\t<button class=\"wpr-acc-button\">\n\t\t\t\t\t\t\t<span class=\"wpr-acc-item-title\">\n\t\t\t\t\t\t\t\t\t\t\t\t\t\t\t\t\t<div class=\"wpr-acc-icon-box\">\n\t\t\t\t\t\t\t\t\t\t\t\t\t\t<span class=\"wpr-title-icon\">\n\t\t\t\t\t<i aria-hidden=\"true\" class=\"icon icon-Profile\"><\/i>\t\t\t\t<\/span>\n\t\t\t\t\t\t\t\t\t\t\t\t<\/div>\n\t\t\t\t\t\t\t\t\n\t\t\t\t\t\t\t\t<span class=\"wpr-acc-title-text\">Diretor Adjunto: Filipe Tobias Mabuto<\/span>\n\t\t\t\t\t\t\t<\/span>\n\t\t\t\t\t\t\t\t\t\t\t<span class=\"wpr-toggle-icon wpr-ti-close\"><svg aria-hidden=\"true\" class=\"e-font-icon-svg e-fas-plus\" viewBox=\"0 0 448 512\" xmlns=\"http:\/\/www.w3.org\/2000\/svg\"><path d=\"M416 208H272V64c0-17.67-14.33-32-32-32h-32c-17.67 0-32 14.33-32 32v144H32c-17.67 0-32 14.33-32 32v32c0 17.67 14.33 32 32 32h144v144c0 17.67 14.33 32 32 32h32c17.67 0 32-14.33 32-32V304h144c17.67 0 32-14.33 32-32v-32c0-17.67-14.33-32-32-32z\"><\/path><\/svg><\/span>\n\t\t\t\t<span class=\"wpr-toggle-icon wpr-ti-open\"><svg aria-hidden=\"true\" class=\"e-font-icon-svg e-fas-minus\" viewBox=\"0 0 448 512\" xmlns=\"http:\/\/www.w3.org\/2000\/svg\"><path d=\"M416 208H32c-17.67 0-32 14.33-32 32v32c0 17.67 14.33 32 32 32h384c17.67 0 32-14.33 32-32v-32c0-17.67-14.33-32-32-32z\"><\/path><\/svg><\/span>\n\t\t\t\t\t\t\t\t\t<\/button>\n\n\t\t\t\t\t\t<div class=\"wpr-acc-panel\">\n\t\t\t\t\t\t\t\t\t\t\t\t\t\t\t<div class=\"wpr-acc-panel-content\"><p>Filipe Tobias Mabuto apoia o Diretor na gest\u00e3o das opera\u00e7\u00f5es di\u00e1rias e na implementa\u00e7\u00e3o de pol\u00edticas institucionais para garantir o bom funcionamento do IMTPN.<\/p><\/div>\n\t\t\t\t\t\t\t\t\t\t\t\t\t<\/div>\n                    <\/div>\n\n                \n\t\t\t\t\t<div class=\"wpr-accordion-item-wrap\">\n\t\t\t\t\t\t<button class=\"wpr-acc-button\">\n\t\t\t\t\t\t\t<span class=\"wpr-acc-item-title\">\n\t\t\t\t\t\t\t\t\t\t\t\t\t\t\t\t\t<div class=\"wpr-acc-icon-box\">\n\t\t\t\t\t\t\t\t\t\t\t\t\t\t<span class=\"wpr-title-icon\">\n\t\t\t\t\t<i aria-hidden=\"true\" class=\"icon icon-Profile\"><\/i>\t\t\t\t<\/span>\n\t\t\t\t\t\t\t\t\t\t\t\t<\/div>\n\t\t\t\t\t\t\t\t\n\t\t\t\t\t\t\t\t<span class=\"wpr-acc-title-text\">Coordenadora dos Cursos de Sa\u00fade: Alcina Mofate Bas\u00edlio<\/span>\n\t\t\t\t\t\t\t<\/span>\n\t\t\t\t\t\t\t\t\t\t\t<span class=\"wpr-toggle-icon wpr-ti-close\"><svg aria-hidden=\"true\" class=\"e-font-icon-svg e-fas-plus\" viewBox=\"0 0 448 512\" xmlns=\"http:\/\/www.w3.org\/2000\/svg\"><path d=\"M416 208H272V64c0-17.67-14.33-32-32-32h-32c-17.67 0-32 14.33-32 32v144H32c-17.67 0-32 14.33-32 32v32c0 17.67 14.33 32 32 32h144v144c0 17.67 14.33 32 32 32h32c17.67 0 32-14.33 32-32V304h144c17.67 0 32-14.33 32-32v-32c0-17.67-14.33-32-32-32z\"><\/path><\/svg><\/span>\n\t\t\t\t<span class=\"wpr-toggle-icon wpr-ti-open\"><svg aria-hidden=\"true\" class=\"e-font-icon-svg e-fas-minus\" viewBox=\"0 0 448 512\" xmlns=\"http:\/\/www.w3.org\/2000\/svg\"><path d=\"M416 208H32c-17.67 0-32 14.33-32 32v32c0 17.67 14.33 32 32 32h384c17.67 0 32-14.33 32-32v-32c0-17.67-14.33-32-32-32z\"><\/path><\/svg><\/span>\n\t\t\t\t\t\t\t\t\t<\/button>\n\n\t\t\t\t\t\t<div class=\"wpr-acc-panel\">\n\t\t\t\t\t\t\t\t\t\t\t\t\t\t\t<div class=\"wpr-acc-panel-content\"><p>Alcina Mofate Bas\u00edlio supervisiona a coordena\u00e7\u00e3o e o desenvolvimento dos cursos relacionados \u00e0 sa\u00fade no IMTPN, garantindo o alinhamento do curr\u00edculo com os padr\u00f5es da ind\u00fastria e requisitos regulat\u00f3rios.<\/p><\/div>\n\t\t\t\t\t\t\t\t\t\t\t\t\t<\/div>\n                    <\/div>\n\n                \n\t\t\t\t\t<div class=\"wpr-accordion-item-wrap\">\n\t\t\t\t\t\t<button class=\"wpr-acc-button\">\n\t\t\t\t\t\t\t<span class=\"wpr-acc-item-title\">\n\t\t\t\t\t\t\t\t\t\t\t\t\t\t\t\t\t<div class=\"wpr-acc-icon-box\">\n\t\t\t\t\t\t\t\t\t\t\t\t\t\t<span class=\"wpr-title-icon\">\n\t\t\t\t\t<i aria-hidden=\"true\" class=\"icon icon-Profile\"><\/i>\t\t\t\t<\/span>\n\t\t\t\t\t\t\t\t\t\t\t\t<\/div>\n\t\t\t\t\t\t\t\t\n\t\t\t\t\t\t\t\t<span class=\"wpr-acc-title-text\">Coordenador de Qualifica\u00e7\u00f5es: Rodrigues Manila<\/span>\n\t\t\t\t\t\t\t<\/span>\n\t\t\t\t\t\t\t\t\t\t\t<span class=\"wpr-toggle-icon wpr-ti-close\"><svg aria-hidden=\"true\" class=\"e-font-icon-svg e-fas-plus\" viewBox=\"0 0 448 512\" xmlns=\"http:\/\/www.w3.org\/2000\/svg\"><path d=\"M416 208H272V64c0-17.67-14.33-32-32-32h-32c-17.67 0-32 14.33-32 32v144H32c-17.67 0-32 14.33-32 32v32c0 17.67 14.33 32 32 32h144v144c0 17.67 14.33 32 32 32h32c17.67 0 32-14.33 32-32V304h144c17.67 0 32-14.33 32-32v-32c0-17.67-14.33-32-32-32z\"><\/path><\/svg><\/span>\n\t\t\t\t<span class=\"wpr-toggle-icon wpr-ti-open\"><svg aria-hidden=\"true\" class=\"e-font-icon-svg e-fas-minus\" viewBox=\"0 0 448 512\" xmlns=\"http:\/\/www.w3.org\/2000\/svg\"><path d=\"M416 208H32c-17.67 0-32 14.33-32 32v32c0 17.67 14.33 32 32 32h384c17.67 0 32-14.33 32-32v-32c0-17.67-14.33-32-32-32z\"><\/path><\/svg><\/span>\n\t\t\t\t\t\t\t\t\t<\/button>\n\n\t\t\t\t\t\t<div class=\"wpr-acc-panel\">\n\t\t\t\t\t\t\t\t\t\t\t\t\t\t\t<div class=\"wpr-acc-panel-content\"><p>Rodrigues Manila \u00e9 respons\u00e1vel por coordenar programas acad\u00eamicos e garantir a qualidade e relev\u00e2ncia das qualifica\u00e7\u00f5es oferecidas no IMTPN.<\/p><\/div>\n\t\t\t\t\t\t\t\t\t\t\t\t\t<\/div>\n                    <\/div>\n\n                \n\t\t\t\t\t<div class=\"wpr-accordion-item-wrap\">\n\t\t\t\t\t\t<button class=\"wpr-acc-button\">\n\t\t\t\t\t\t\t<span class=\"wpr-acc-item-title\">\n\t\t\t\t\t\t\t\t\t\t\t\t\t\t\t\t\t<div class=\"wpr-acc-icon-box\">\n\t\t\t\t\t\t\t\t\t\t\t\t\t\t<span class=\"wpr-title-icon\">\n\t\t\t\t\t<i aria-hidden=\"true\" class=\"icon icon-Profile\"><\/i>\t\t\t\t<\/span>\n\t\t\t\t\t\t\t\t\t\t\t\t<\/div>\n\t\t\t\t\t\t\t\t\n\t\t\t\t\t\t\t\t<span class=\"wpr-acc-title-text\">Oficial de Administra\u00e7\u00e3o: Yassmin Cristina Mateus<\/span>\n\t\t\t\t\t\t\t<\/span>\n\t\t\t\t\t\t\t\t\t\t\t<span class=\"wpr-toggle-icon wpr-ti-close\"><svg aria-hidden=\"true\" class=\"e-font-icon-svg e-fas-plus\" viewBox=\"0 0 448 512\" xmlns=\"http:\/\/www.w3.org\/2000\/svg\"><path d=\"M416 208H272V64c0-17.67-14.33-32-32-32h-32c-17.67 0-32 14.33-32 32v144H32c-17.67 0-32 14.33-32 32v32c0 17.67 14.33 32 32 32h144v144c0 17.67 14.33 32 32 32h32c17.67 0 32-14.33 32-32V304h144c17.67 0 32-14.33 32-32v-32c0-17.67-14.33-32-32-32z\"><\/path><\/svg><\/span>\n\t\t\t\t<span class=\"wpr-toggle-icon wpr-ti-open\"><svg aria-hidden=\"true\" class=\"e-font-icon-svg e-fas-minus\" viewBox=\"0 0 448 512\" xmlns=\"http:\/\/www.w3.org\/2000\/svg\"><path d=\"M416 208H32c-17.67 0-32 14.33-32 32v32c0 17.67 14.33 32 32 32h384c17.67 0 32-14.33 32-32v-32c0-17.67-14.33-32-32-32z\"><\/path><\/svg><\/span>\n\t\t\t\t\t\t\t\t\t<\/button>\n\n\t\t\t\t\t\t<div class=\"wpr-acc-panel\">\n\t\t\t\t\t\t\t\t\t\t\t\t\t\t\t<div class=\"wpr-acc-panel-content\"><p>Yassmin Cristina Mateus gerencia fun\u00e7\u00f5es administrativas, incluindo finan\u00e7as, recursos humanos e gest\u00e3o de instala\u00e7\u00f5es, para apoiar o funcionamento eficiente do IMTPN.<\/p><\/div>\n\t\t\t\t\t\t\t\t\t\t\t\t\t<\/div>\n                    <\/div>\n\n                            <\/div>\n        \t\t\t\t<\/div>\n\t\t\t\t<\/div>\n\t\t\t\t<\/div>\n\t\t\t\t<section class=\"elementor-section elementor-top-section elementor-element elementor-element-2a56a26 elementor-section-boxed elementor-section-height-default elementor-section-height-default wpr-particle-no wpr-jarallax-no wpr-parallax-no wpr-sticky-section-no wpr-equal-height-no\" data-id=\"2a56a26\" data-element_type=\"section\" data-e-type=\"section\">\n\t\t\t\t\t\t<div class=\"elementor-container elementor-column-gap-default\">\n\t\t\t\t\t<div class=\"elementor-column elementor-col-100 elementor-top-column elementor-element elementor-element-19f9405 elementor-invisible\" data-id=\"19f9405\" data-element_type=\"column\" data-e-type=\"column\" data-settings=\"{&quot;background_background&quot;:&quot;classic&quot;,&quot;animation&quot;:&quot;fadeInLeft&quot;}\">\n\t\t\t<div class=\"elementor-widget-wrap elementor-element-populated\">\n\t\t\t\t\t<div class=\"elementor-background-overlay\"><\/div>\n\t\t\t\t\t\t<div class=\"elementor-element elementor-element-43908d4 elementor-widget-divider--view-line elementor-widget elementor-widget-divider\" data-id=\"43908d4\" data-element_type=\"widget\" data-e-type=\"widget\" data-widget_type=\"divider.default\">\n\t\t\t\t<div class=\"elementor-widget-container\">\n\t\t\t\t\t\t\t<div class=\"elementor-divider\">\n\t\t\t<span class=\"elementor-divider-separator\">\n\t\t\t\t\t\t<\/span>\n\t\t<\/div>\n\t\t\t\t\t\t<\/div>\n\t\t\t\t<\/div>\n\t\t\t\t<div class=\"elementor-element elementor-element-57b947d elementor-widget__width-initial elementor-widget elementor-widget-text-editor\" data-id=\"57b947d\" data-element_type=\"widget\" data-e-type=\"widget\" data-widget_type=\"text-editor.default\">\n\t\t\t\t<div class=\"elementor-widget-container\">\n\t\t\t\t\t\t\t\t\t<p>Gest\u00e3o e Administra\u00e7\u00e3o do IMTPN<\/p><p>A gest\u00e3o e administra\u00e7\u00e3o do Instituto M\u00e9dio T\u00e9cnico Profissional Njerenje (IMTPN) s\u00e3o estruturadas para garantir uma governan\u00e7a eficaz e supervis\u00e3o operacional. Fun\u00e7\u00f5es-chave dentro de nossa institui\u00e7\u00e3o incluem:<\/p><p><strong>Equipe de Lideran\u00e7a<\/strong><\/p><p>Director e Director Adjunto Pedag\u00f3gico: O Diretor e o Diretor Adjunto Pedag\u00f3gico supervisionam assuntos acad\u00eamicos, desenvolvimento de curr\u00edculo e bem-estar estudantil, garantindo a entrega de educa\u00e7\u00e3o e treinamento de alta qualidade.<\/p><p>Diretor Administrativo : O Diretor Administrativo gerencia fun\u00e7\u00f5es administrativas, incluindo finan\u00e7as, recursos humanos e gest\u00e3o de instala\u00e7\u00f5es, para apoiar as opera\u00e7\u00f5es da institui\u00e7\u00e3o.<\/p><p>Chefe do Secretariado: O Chefe do Secretariado coordena servi\u00e7os de suporte administrativo e facilita a comunica\u00e7\u00e3o dentro da institui\u00e7\u00e3o.<\/p><p><strong>\u00d3rg\u00e3os de Governa\u00e7\u00e3o<\/strong><\/p><p>O IMTPN opera sob a orienta\u00e7\u00e3o de v\u00e1rios \u00f3rg\u00e3os de governa\u00e7\u00e3o:<\/p><p>C<u>onselho de Administra\u00e7\u00e3o:<\/u> O conselho de administra\u00e7\u00e3o estabelece metas estrat\u00e9gicas e pol\u00edticas e supervisiona a dire\u00e7\u00e3o geral da institui\u00e7\u00e3o.<\/p><p>C<u>onselho Pedag\u00f3gico:<\/u> O Conselho Pedag\u00f3gico aconselha sobre assuntos acad\u00eamicos, desenvolvimento de curr\u00edculo e pol\u00edticas educacionais para garantir o alinhamento com os padr\u00f5es educacionais nacionais e as melhores pr\u00e1ticas.<\/p><p>Con<u>selho T\u00e9cnico-Administrativo (CTA): <\/u>O CTA fornece expertise t\u00e9cnica e orienta\u00e7\u00e3o sobre quest\u00f5es administrativas e operacionais, apoiando os processos de tomada de decis\u00e3o dentro do IMTPN.<\/p><p><strong>Servi\u00e7os de Suporte<\/strong><\/p><p>Al\u00e9m da equipe de lideran\u00e7a e \u00f3rg\u00e3os de governa\u00e7\u00e3o, o IMTPN depende de servi\u00e7os de suporte essenciais:<\/p><p>S<u>ecretaria: <\/u>A Secretaria gerencia documenta\u00e7\u00e3o, recibos, pagamentos, registros e tarefas administrativas essenciais para o funcionamento tranquilo da institui\u00e7\u00e3o.<\/p><p>R<u>ecep\u00e7\u00e3o: <\/u>A equipe de Recep\u00e7\u00e3o oferece um ambiente acolhedor para visitantes, lida com perguntas e auxilia nas necessidades administrativas.<\/p><p>S<u>ervi\u00e7os Gerais:<\/u> Este departamento gerencia eficientemente as instala\u00e7\u00f5es, manuten\u00e7\u00e3o e suporte log\u00edstico em toda a institui\u00e7\u00e3o.<\/p><p>G<b>overnan\u00e7a Colaborativa<\/b><\/p><p>No IMTPN, a governan\u00e7a colaborativa garante transpar\u00eancia, responsabilidade e gest\u00e3o eficaz de recursos. Nossas equipes de lideran\u00e7a e administra\u00e7\u00e3o trabalham em sinergia com \u00f3rg\u00e3os de governa\u00e7\u00e3o e servi\u00e7os de suporte para manter nosso compromisso com a excel\u00eancia educacional e a integridade institucional.<\/p>\t\t\t\t\t\t\t\t<\/div>\n\t\t\t\t<\/div>\n\t\t\t\t\t<\/div>\n\t\t<\/div>\n\t\t\t\t\t<\/div>\n\t\t<\/section>\n\t\t\t\t<\/div>\n\t\t","protected":false},"excerpt":{"rendered":"<p>Secretariado do IMTPN Diretor: Dr. Philip Tapera Dr. Philip Tapera lidera o IMTPN com uma vis\u00e3o de excel\u00eancia em educa\u00e7\u00e3o t\u00e9cnica e profissional. Ele fornece lideran\u00e7a estrat\u00e9gica e supervisiona as opera\u00e7\u00f5es gerais da institui\u00e7\u00e3o. Diretor Adjunto: Filipe Tobias Mabuto Filipe Tobias Mabuto apoia o Diretor na gest\u00e3o das opera\u00e7\u00f5es di\u00e1rias e na implementa\u00e7\u00e3o de pol\u00edticas institucionais para garantir o bom funcionamento do IMTPN. Coordenadora dos Cursos de Sa\u00fade: Alcina Mofate Bas\u00edlio Alcina Mofate Bas\u00edlio supervisiona a coordena\u00e7\u00e3o e o desenvolvimento dos cursos relacionados \u00e0 sa\u00fade no IMTPN, garantindo o alinhamento do curr\u00edculo com os padr\u00f5es da ind\u00fastria e requisitos regulat\u00f3rios. Coordenador de Qualifica\u00e7\u00f5es: Rodrigues Manila Rodrigues Manila \u00e9 respons\u00e1vel por coordenar programas acad\u00eamicos e garantir a qualidade e relev\u00e2ncia das qualifica\u00e7\u00f5es oferecidas no IMTPN. Oficial de Administra\u00e7\u00e3o: Yassmin Cristina Mateus Yassmin Cristina Mateus gerencia fun\u00e7\u00f5es administrativas, incluindo finan\u00e7as, recursos humanos e gest\u00e3o de instala\u00e7\u00f5es, para apoiar o funcionamento eficiente do IMTPN. Gest\u00e3o e Administra\u00e7\u00e3o do IMTPN A gest\u00e3o e administra\u00e7\u00e3o do Instituto M\u00e9dio T\u00e9cnico Profissional Njerenje (IMTPN) s\u00e3o estruturadas para garantir uma governan\u00e7a eficaz e supervis\u00e3o operacional. Fun\u00e7\u00f5es-chave dentro de nossa institui\u00e7\u00e3o incluem: Equipe de Lideran\u00e7a Director e Director Adjunto Pedag\u00f3gico: O Diretor e o Diretor Adjunto Pedag\u00f3gico supervisionam assuntos acad\u00eamicos, desenvolvimento de curr\u00edculo e bem-estar estudantil, garantindo a entrega de educa\u00e7\u00e3o e treinamento de alta qualidade. Diretor Administrativo : O Diretor Administrativo gerencia fun\u00e7\u00f5es administrativas, incluindo finan\u00e7as, recursos humanos e gest\u00e3o de instala\u00e7\u00f5es, para apoiar as opera\u00e7\u00f5es da institui\u00e7\u00e3o. Chefe do Secretariado: O Chefe do Secretariado coordena servi\u00e7os de suporte administrativo e facilita a comunica\u00e7\u00e3o dentro da institui\u00e7\u00e3o. \u00d3rg\u00e3os de Governa\u00e7\u00e3o O IMTPN opera sob a orienta\u00e7\u00e3o de v\u00e1rios \u00f3rg\u00e3os de governa\u00e7\u00e3o: Conselho de Administra\u00e7\u00e3o: O conselho de administra\u00e7\u00e3o estabelece metas estrat\u00e9gicas e pol\u00edticas e supervisiona a dire\u00e7\u00e3o geral da institui\u00e7\u00e3o. Conselho Pedag\u00f3gico: O Conselho Pedag\u00f3gico aconselha sobre assuntos acad\u00eamicos, desenvolvimento de curr\u00edculo e pol\u00edticas educacionais para garantir o alinhamento com os padr\u00f5es educacionais nacionais e as melhores pr\u00e1ticas. Conselho T\u00e9cnico-Administrativo (CTA): O CTA fornece expertise t\u00e9cnica e orienta\u00e7\u00e3o sobre quest\u00f5es administrativas e operacionais, apoiando os processos de tomada de decis\u00e3o dentro do IMTPN. Servi\u00e7os de Suporte Al\u00e9m da equipe de lideran\u00e7a e \u00f3rg\u00e3os de governa\u00e7\u00e3o, o IMTPN depende de servi\u00e7os de suporte essenciais: Secretaria: A Secretaria gerencia documenta\u00e7\u00e3o, recibos, pagamentos, registros e tarefas administrativas essenciais para o funcionamento tranquilo da institui\u00e7\u00e3o. Recep\u00e7\u00e3o: A equipe de Recep\u00e7\u00e3o oferece um ambiente acolhedor para visitantes, lida com perguntas e auxilia nas necessidades administrativas. Servi\u00e7os Gerais: Este departamento gerencia eficientemente as instala\u00e7\u00f5es, manuten\u00e7\u00e3o e suporte log\u00edstico em toda a institui\u00e7\u00e3o. Governan\u00e7a Colaborativa No IMTPN, a governan\u00e7a colaborativa garante transpar\u00eancia, responsabilidade e gest\u00e3o eficaz de recursos. Nossas equipes de lideran\u00e7a e administra\u00e7\u00e3o trabalham em sinergia com \u00f3rg\u00e3os de governa\u00e7\u00e3o e servi\u00e7os de suporte para manter nosso compromisso com a excel\u00eancia educacional e a integridade institucional.<\/p>\n","protected":false},"author":1,"featured_media":0,"parent":0,"menu_order":0,"comment_status":"closed","ping_status":"closed","template":"","meta":{"site-sidebar-layout":"no-sidebar","site-content-layout":"page-builder","ast-site-content-layout":"full-width-container","site-content-style":"default","site-sidebar-style":"default","ast-global-header-display":"","ast-banner-title-visibility":"","ast-main-header-display":"","ast-hfb-above-header-display":"","ast-hfb-below-header-display":"","ast-hfb-mobile-header-display":"","site-post-title":"disabled","ast-breadcrumbs-content":"","ast-featured-img":"disabled","footer-sml-layout":"","ast-disable-related-posts":"","theme-transparent-header-meta":"","adv-header-id-meta":"","stick-header-meta":"","header-above-stick-meta":"","header-main-stick-meta":"","header-below-stick-meta":"","astra-migrate-meta-layouts":"set","ast-page-background-enabled":"default","ast-page-background-meta":{"desktop":{"background-color":"var(--ast-global-color-4)","background-image":"","background-repeat":"repeat","background-position":"center center","background-size":"auto","background-attachment":"scroll","background-type":"","background-media":"","overlay-type":"","overlay-color":"","overlay-opacity":"","overlay-gradient":""},"tablet":{"background-color":"","background-image":"","background-repeat":"repeat","background-position":"center center","background-size":"auto","background-attachment":"scroll","background-type":"","background-media":"","overlay-type":"","overlay-color":"","overlay-opacity":"","overlay-gradient":""},"mobile":{"background-color":"","background-image":"","background-repeat":"repeat","background-position":"center center","background-size":"auto","background-attachment":"scroll","background-type":"","background-media":"","overlay-type":"","overlay-color":"","overlay-opacity":"","overlay-gradient":""}},"ast-content-background-meta":{"desktop":{"background-color":"var(--ast-global-color-5)","background-image":"","background-repeat":"repeat","background-position":"center center","background-size":"auto","background-attachment":"scroll","background-type":"","background-media":"","overlay-type":"","overlay-color":"","overlay-opacity":"","overlay-gradient":""},"tablet":{"background-color":"var(--ast-global-color-5)","background-image":"","background-repeat":"repeat","background-position":"center center","background-size":"auto","background-attachment":"scroll","background-type":"","background-media":"","overlay-type":"","overlay-color":"","overlay-opacity":"","overlay-gradient":""},"mobile":{"background-color":"var(--ast-global-color-5)","background-image":"","background-repeat":"repeat","background-position":"center center","background-size":"auto","background-attachment":"scroll","background-type":"","background-media":"","overlay-type":"","overlay-color":"","overlay-opacity":"","overlay-gradient":""}},"footnotes":""},"class_list":["post-2881","page","type-page","status-publish","hentry"],"_links":{"self":[{"href":"https:\/\/globalaidmissions.com\/index.php\/wp-json\/wp\/v2\/pages\/2881","targetHints":{"allow":["GET"]}}],"collection":[{"href":"https:\/\/globalaidmissions.com\/index.php\/wp-json\/wp\/v2\/pages"}],"about":[{"href":"https:\/\/globalaidmissions.com\/index.php\/wp-json\/wp\/v2\/types\/page"}],"author":[{"embeddable":true,"href":"https:\/\/globalaidmissions.com\/index.php\/wp-json\/wp\/v2\/users\/1"}],"replies":[{"embeddable":true,"href":"https:\/\/globalaidmissions.com\/index.php\/wp-json\/wp\/v2\/comments?post=2881"}],"version-history":[{"count":19,"href":"https:\/\/globalaidmissions.com\/index.php\/wp-json\/wp\/v2\/pages\/2881\/revisions"}],"predecessor-version":[{"id":2902,"href":"https:\/\/globalaidmissions.com\/index.php\/wp-json\/wp\/v2\/pages\/2881\/revisions\/2902"}],"wp:attachment":[{"href":"https:\/\/globalaidmissions.com\/index.php\/wp-json\/wp\/v2\/media?parent=2881"}],"curies":[{"name":"wp","href":"https:\/\/api.w.org\/{rel}","templated":true}]}}